{"id":7971,"date":"2021-10-03T18:04:04","date_gmt":"2021-10-03T16:04:04","guid":{"rendered":"https:\/\/www.murola.it\/kantine\/"},"modified":"2024-06-03T23:57:33","modified_gmt":"2024-06-03T21:57:33","slug":"kantine","status":"publish","type":"page","link":"https:\/\/www.murola.it\/de\/kantine\/","title":{"rendered":"Kantine"},"content":{"rendered":"<section class=\"rexpansive_section navigate-section\"><div class=\"full-disposition\"><div class=\"perfect-grid-gallery\" data-separator=\"20\" data-layout=\"fixed\" data-full-height=\"false\"><div class=\"perfect-grid-sizer\"><\/div><div id=\"block_0_0\" class=\"perfect-grid-item w4 rex-flex-bottom rex-flex-left active-small-block-overlay active-medium-block-overlay active-large-block-overlay block--only-image block-type--full\" data-height=\"4\" data-width=\"4\" data-row=\"1\" data-col=\"1\"><div class=\"grid-item-content text-content rex-flexbox\"  style=\"background-image:url('https:\/\/www.murola.it\/wp-content\/uploads\/2024\/06\/murola_imbottigliamento-20.jpg2_-scaled.jpg');\"><div class=\"responsive-block-overlay\" style=\"background-color:rgba(255, 255, 255, 0);\"><div class=\"rex-custom-scrollbar rex-custom-position\"><div class=\"text-wrap rex-content-resizable\" style=\"padding-top:5px;padding-right:5px;padding-bottom:20px;padding-left:20px;\">\n<h1>Die kantine \u2013 der weinkeller<\/h1>\n<div class=\"p-border\" style=\"max-width:200px;border-left-color:#AE8914;border-left-width:3px;\">\n\t\t<p>\n\t\t<\/p>\n<h5>Lebens- und arbeitsr\u00e4ume die entworfen und geschaffen wurden, um in harmonie die tradition und strukturelle strenge mit design und innovation zu vereinen.<br \/>\n<\/h5>\n<p>\t<\/p>\n<\/div>\n\n<\/div><\/div><\/div><\/div><\/div><div id=\"block_0_1\" class=\"perfect-grid-item real-empty w8 block--only-image\" data-height=\"4\" data-width=\"8\" data-row=\"1\" data-col=\"5\"><div class=\"grid-item-content empty-content real-empty\"><div class=\"rex-custom-scrollbar\"><\/div><\/div><\/div><\/div><\/div><\/section><section class=\"rexpansive_section photoswipe-gallery mobile-no-full-height full-height-section navigate-section\" itemscope itemtype=\"http:\/\/schema.org\/ImageGallery\" style=\"background-color:rgba(0,0,0,1);\"><div class=\"responsive-overlay\" style=\"background-color:rgba(0, 0, 0, 0);\"><div class=\"full-disposition\"><div class=\"perfect-grid-gallery\" data-separator=\"0\" data-layout=\"fixed\" data-full-height=\"true\"><div class=\"perfect-grid-sizer\"><\/div><div id=\"block_1_1\" class=\"perfect-grid-item only-background w12 rex-flex-middle rex-flex-center block--only-image block-type--full\" data-height=\"5\" data-width=\"12\" data-row=\"1\" data-col=\"1\"><figure class=\"pswp-figure\" itemprop=\"associatedMedia\" itemscope itemtype=\"http:\/\/schema.org\/ImageObject\"><a class=\"pswp-item\" href=\"https:\/\/www.murola.it\/wp-content\/uploads\/2017\/06\/cantina-6.jpg\" itemprop=\"contentUrl\" data-size=\"1280x642\"><div class=\"pswp-item-thumb\" data-thumb-image-type=\"full\" data-thumburl=\"https:\/\/www.murola.it\/wp-content\/uploads\/2017\/06\/cantina-6.jpg\" itemprop=\"thumbnail\"><\/div><div class=\"grid-item-content empty-content rex-flexbox\" style=\"background-image:url('https:\/\/www.murola.it\/wp-content\/uploads\/2017\/06\/cantina-6.jpg');\"><div class=\"rex-custom-scrollbar rex-custom-position\"><\/div><\/div><\/a><figcaption class=\"pswp-item-caption\" itemprop=\"caption description\"><\/figcaption><\/figure><\/div><div id=\"block_1_2\" class=\"perfect-grid-item w12 horizontal-margin-button rex-flex-middle rex-flex-left block--only-content\" data-height=\"4\" data-width=\"12\" data-row=\"6\" data-col=\"1\"><div class=\"grid-item-content empty-content rex-flexbox\" style=\"background-color:rgba(255,255,255,0);\"><div class=\"rex-custom-scrollbar rex-custom-position\"><div class=\"text-wrap rex-content-resizable\" style=\"padding-top:15px;padding-right:30px;padding-bottom:15px;padding-left:30px;\">\n<h2>Nat\u00fcrlicher raum, ideale harmonie<\/h2>\n<p>Hier findet die Arbeit der Verfeinerung aller Komponenten statt, die Definition des Ausdrucks, dank der konstanten Temperatur, in kontrollierter Feuchtigkeit, im Dunkeln, in der Stille, beim Warten.<\/p>\n<\/div><\/div><\/div><\/div><\/div><\/div><\/div><\/section><section href=\"#Scheggia\" id=\"Scheggia\" class=\"rexpansive_section photoswipe-gallery mobile-no-full-height full-height-section navigate-section\" itemscope itemtype=\"http:\/\/schema.org\/ImageGallery\" style=\"background-color:rgba(0,0,0,1);\"><div class=\"responsive-overlay\" style=\"background-color:rgba(0, 0, 0, 0);\"><div class=\"full-disposition\"><div class=\"perfect-grid-gallery\" data-separator=\"0\" data-layout=\"fixed\" data-full-height=\"true\"><div class=\"perfect-grid-sizer\"><\/div><div id=\"block_2_1\" class=\"perfect-grid-item only-background w12 rex-flex-middle rex-flex-center block--only-image block-type--full\" data-height=\"5\" data-width=\"12\" data-row=\"1\" data-col=\"1\"><figure class=\"pswp-figure\" itemprop=\"associatedMedia\" itemscope itemtype=\"http:\/\/schema.org\/ImageObject\"><a class=\"pswp-item\" href=\"https:\/\/www.murola.it\/wp-content\/uploads\/2017\/06\/scheggia-2.jpg\" itemprop=\"contentUrl\" data-size=\"1280x642\"><div class=\"pswp-item-thumb\" data-thumb-image-type=\"full\" data-thumburl=\"https:\/\/www.murola.it\/wp-content\/uploads\/2017\/06\/scheggia-2.jpg\" itemprop=\"thumbnail\"><\/div><div class=\"grid-item-content empty-content rex-flexbox\" style=\"background-image:url('https:\/\/www.murola.it\/wp-content\/uploads\/2017\/06\/scheggia-2.jpg');\"><div class=\"rex-custom-scrollbar rex-custom-position\"><\/div><\/div><\/a><figcaption class=\"pswp-item-caption\" itemprop=\"caption description\"><\/figcaption><\/figure><\/div><div id=\"block_2_2\" class=\"perfect-grid-item w12 rex-flex-middle rex-flex-left block--only-content\" data-height=\"4\" data-width=\"12\" data-row=\"6\" data-col=\"1\"><div class=\"grid-item-content text-content rex-flexbox\" ><div class=\"rex-custom-scrollbar rex-custom-position\"><div class=\"text-wrap rex-content-resizable\" style=\"padding-top:15px;padding-right:30px;padding-bottom:15px;padding-left:30px;\">\n<h2>\u201cScheggia\u201d \u2013 der verkostungsraum<\/h2>\n<p>Diese Umgebung wurde speziell f\u00fcr Verkostungen geschaffen, mit einem besonderen Panoramablick auf die Weinf\u00e4sser.\n<\/p>\n<p>Protagonist ist hier der gro\u00dfe Tisch, Symbol der Familie, die ausgehend von diesem Ort R\u00e4ume und Erfahrungen durchquert um am Ende zu ihrem Land zur\u00fcckzukehren.<\/p>\n<\/div><\/div><\/div><\/div><\/div><\/div><\/div><\/section><section href=\"#Bottaia\" id=\"Bottaia\" class=\"rexpansive_section photoswipe-gallery mobile-no-full-height full-height-section navigate-section\" itemscope itemtype=\"http:\/\/schema.org\/ImageGallery\" style=\"background-color:rgba(0,0,0,1);\"><div class=\"responsive-overlay\" style=\"background-color:rgba(0, 0, 0, 0);\"><div class=\"full-disposition\"><div class=\"perfect-grid-gallery\" data-separator=\"0\" data-layout=\"fixed\" data-full-height=\"true\"><div class=\"perfect-grid-sizer\"><\/div><div id=\"block_3_1\" class=\"perfect-grid-item only-background w12 rex-flex-middle rex-flex-center block--only-image block-type--full\" data-height=\"5\" data-width=\"12\" data-row=\"1\" data-col=\"1\"><figure class=\"pswp-figure\" itemprop=\"associatedMedia\" itemscope itemtype=\"http:\/\/schema.org\/ImageObject\"><a class=\"pswp-item\" href=\"https:\/\/www.murola.it\/wp-content\/uploads\/2024\/06\/10_La-bottaia.jpg\" itemprop=\"contentUrl\" data-size=\"1805x1205\"><div class=\"pswp-item-thumb\" data-thumb-image-type=\"full\" data-thumburl=\"https:\/\/www.murola.it\/wp-content\/uploads\/2024\/06\/10_La-bottaia.jpg\" itemprop=\"thumbnail\"><\/div><div class=\"grid-item-content text-content rex-flexbox\"  style=\"background-image:url('https:\/\/www.murola.it\/wp-content\/uploads\/2024\/06\/10_La-bottaia.jpg');\"><div class=\"rex-custom-scrollbar rex-custom-position\"><\/div><\/div><\/a><figcaption class=\"pswp-item-caption\" itemprop=\"caption description\"><\/figcaption><\/figure><\/div><div id=\"block_3_2\" class=\"perfect-grid-item w12 rex-flex-middle rex-flex-left block--only-content\" data-height=\"4\" data-width=\"12\" data-row=\"6\" data-col=\"1\"><div class=\"grid-item-content empty-content rex-flexbox\"><div class=\"rex-custom-scrollbar rex-custom-position\"><div class=\"text-wrap rex-content-resizable\" style=\"padding-top:15px;padding-right:30px;padding-bottom:15px;padding-left:30px;\">\n<h2>&#8222;Bottaia&#8220; \u2013 Holz und identit\u00e4t des weines<\/h2>\n<p>Wein und Holz: verbunden als Komplizen. Das Holz wacht \u00fcber den Wein, sodass er reift, samtig und harmonisch wird und sich mit all seinen Eigenheiten und Einzigartigkeiten anreichert.\n<\/p>\n<\/div><\/div><\/div><\/div><\/div><\/div><\/div><\/section><section href=\"#Barricaia\" id=\"Barricaia\" class=\"rexpansive_section photoswipe-gallery mobile-no-full-height full-height-section navigate-section\" itemscope itemtype=\"http:\/\/schema.org\/ImageGallery\" style=\"background-color:rgba(0,0,0,1);\"><div class=\"responsive-overlay\" style=\"background-color:rgba(0, 0, 0, 0);\"><div class=\"full-disposition\"><div class=\"perfect-grid-gallery\" data-separator=\"0\" data-layout=\"fixed\" data-full-height=\"true\"><div class=\"perfect-grid-sizer\"><\/div><div id=\"block_4_1\" class=\"perfect-grid-item only-background w12 rex-flex-middle rex-flex-center block--only-image block-type--full\" data-height=\"5\" data-width=\"12\" data-row=\"1\" data-col=\"1\"><figure class=\"pswp-figure\" itemprop=\"associatedMedia\" itemscope itemtype=\"http:\/\/schema.org\/ImageObject\"><a class=\"pswp-item\" href=\"https:\/\/www.murola.it\/wp-content\/uploads\/2024\/06\/tenute_murola__55-1.JPG2_.jpg2_.jpg\" itemprop=\"contentUrl\" data-size=\"1639x1093\"><div class=\"pswp-item-thumb\" data-thumb-image-type=\"full\" data-thumburl=\"https:\/\/www.murola.it\/wp-content\/uploads\/2024\/06\/tenute_murola__55-1.JPG2_.jpg2_.jpg\" itemprop=\"thumbnail\"><\/div><div class=\"grid-item-content text-content rex-flexbox\"  style=\"background-image:url('https:\/\/www.murola.it\/wp-content\/uploads\/2024\/06\/tenute_murola__55-1.JPG2_.jpg2_.jpg');\"><div class=\"rex-custom-scrollbar rex-custom-position\"><\/div><\/div><\/a><figcaption class=\"pswp-item-caption\" itemprop=\"caption description\"><\/figcaption><\/figure><\/div><div id=\"block_4_2\" class=\"perfect-grid-item w12 rex-flex-middle rex-flex-left block--only-content\" data-height=\"4\" data-width=\"12\" data-row=\"6\" data-col=\"1\"><div class=\"grid-item-content empty-content rex-flexbox\"><div class=\"rex-custom-scrollbar rex-custom-position\"><div class=\"text-wrap rex-content-resizable\" style=\"padding-top:15px;padding-right:30px;padding-bottom:15px;padding-left:30px;\">\n<h2>&#8222;Barricaia&#8220; \u2013 Der ort der verbesserung<\/h2>\n<p>Dieser Raum ist den Barriques gewidmet; in diesem au\u00dfergew\u00f6hnlichen Labor wird der Prozess der nat\u00fcrlichen Weinherstellung noch intensiver durchgef\u00fchrt. <\/p>\n<\/div><\/div><\/div><\/div><\/div><\/div><\/div><\/section>\n","protected":false},"excerpt":{"rendered":"","protected":false},"author":4,"featured_media":2586,"parent":0,"menu_order":6,"comment_status":"closed","ping_status":"closed","template":"page-templates\/page-builder.php","meta":{"advanced_seo_description":"","jetpack_seo_html_title":"","jetpack_seo_noindex":false,"footnotes":""},"jetpack_sharing_enabled":true,"_links":{"self":[{"href":"https:\/\/www.murola.it\/de\/wp-json\/wp\/v2\/pages\/7971"}],"collection":[{"href":"https:\/\/www.murola.it\/de\/wp-json\/wp\/v2\/pages"}],"about":[{"href":"https:\/\/www.murola.it\/de\/wp-json\/wp\/v2\/types\/page"}],"author":[{"embeddable":true,"href":"https:\/\/www.murola.it\/de\/wp-json\/wp\/v2\/users\/4"}],"replies":[{"embeddable":true,"href":"https:\/\/www.murola.it\/de\/wp-json\/wp\/v2\/comments?post=7971"}],"version-history":[{"count":2,"href":"https:\/\/www.murola.it\/de\/wp-json\/wp\/v2\/pages\/7971\/revisions"}],"predecessor-version":[{"id":13133,"href":"https:\/\/www.murola.it\/de\/wp-json\/wp\/v2\/pages\/7971\/revisions\/13133"}],"wp:featuredmedia":[{"embeddable":true,"href":"https:\/\/www.murola.it\/de\/wp-json\/wp\/v2\/media\/2586"}],"wp:attachment":[{"href":"https:\/\/www.murola.it\/de\/wp-json\/wp\/v2\/media?parent=7971"}],"curies":[{"name":"wp","href":"https:\/\/api.w.org\/{rel}","templated":true}]}}