{"id":7998,"date":"2021-10-13T20:59:02","date_gmt":"2021-10-13T18:59:02","guid":{"rendered":"https:\/\/www.murola.it\/weinberge\/"},"modified":"2022-01-16T22:41:12","modified_gmt":"2022-01-16T21:41:12","slug":"weinberge","status":"publish","type":"page","link":"https:\/\/www.murola.it\/de\/weinberge\/","title":{"rendered":"Weinberge"},"content":{"rendered":"<section class=\"rexpansive_section navigate-section\"><div class=\"full-disposition\"><div class=\"perfect-grid-gallery\" data-separator=\"0\" data-layout=\"fixed\" data-full-height=\"false\"><div class=\"perfect-grid-sizer\"><\/div><div id=\"block_0_0\" class=\"perfect-grid-item w4 rex-flex-bottom rex-flex-left active-small-block-overlay active-medium-block-overlay active-large-block-overlay block--only-image block-type--full\" data-height=\"4\" data-width=\"4\" data-row=\"1\" data-col=\"1\"><div class=\"grid-item-content text-content rex-flexbox\"  style=\"background-image:url('https:\/\/www.murola.it\/wp-content\/uploads\/2017\/06\/vigneti-6.jpg');\"><div class=\"responsive-block-overlay\" style=\"background-color:rgba(255, 255, 255, 0);\"><div class=\"rex-custom-scrollbar rex-custom-position\"><div class=\"text-wrap rex-content-resizable\" style=\"padding-top:5px;padding-right:5px;padding-bottom:20px;padding-left:40px;\">\n<h1><span style=\"color: #ffffff;\">Die weinberge<span><\/span><\/span><\/h1>\n<div class=\"p-border\" style=\"max-width:200px;border-left-color:#AE8914;border-left-width:2px;\">\n\t\t<p>\n\t\t<\/p>\n<h5><span style=\"color: #ffffff;\">Jeder weinberg ist die rebe, aus der er besteht, der boden, auf dem er ruht, er ist chemie und physik, er ist das &#8222;labor&#8220;, in dem wasser und mineralien, sonne und tauluft in die von der hand des menschen gepflegte pflanze flie\u00dfen.<\/span><\/h5>\n<p>\t<\/p>\n<\/div>\n\n<\/div><\/div><\/div><\/div><\/div><div id=\"block_0_1\" class=\"perfect-grid-item real-empty w8 block--only-image\" data-height=\"4\" data-width=\"8\" data-row=\"1\" data-col=\"5\"><div class=\"grid-item-content empty-content real-empty\"><div class=\"rex-custom-scrollbar\"><\/div><\/div><\/div><\/div><\/div><\/section><section class=\"rexpansive_section mobile-no-full-height full-height-section navigate-section\" style=\"background-color:rgba(0,0,0,1);\"><div class=\"responsive-overlay\" style=\"background-color:rgba(255, 255, 255, 0.5);\"><div class=\"full-disposition\"><div class=\"perfect-grid-gallery\" data-separator=\"0\" data-layout=\"fixed\" data-full-height=\"true\"><div class=\"perfect-grid-sizer\"><\/div><div id=\"block_1_0\" class=\"perfect-grid-item only-background w12 rex-flex-top rex-flex-center block--only-image block-type--full\" data-height=\"5\" data-width=\"12\" data-row=\"1\" data-col=\"1\"><div class=\"grid-item-content empty-content rex-flexbox\" style=\"background-image:url('https:\/\/www.murola.it\/wp-content\/uploads\/2017\/06\/vigneti-5.jpg');\"><div class=\"rex-custom-scrollbar rex-custom-position\"><\/div><\/div><\/div><div id=\"block_1_1\" class=\"perfect-grid-item w12 rex-flex-middle rex-flex-left block--only-content\" data-height=\"4\" data-width=\"12\" data-row=\"6\" data-col=\"1\"><div class=\"grid-item-content empty-content rex-flexbox\" style=\"background-color:rgba(0,0,0,1);\"><div class=\"rex-custom-scrollbar rex-custom-position\"><div class=\"text-wrap rex-content-resizable\" style=\"padding-top:15px;padding-right:30px;padding-bottom:15px;padding-left:30px;\">\n<h2>Land und elemente<\/h2>\n<p>\nDie einheimischen Reben sind das Ergebnis einer Geschichte von Aufmerksamkeit, Liebe und Intelligenz, die bereits 3000 Jahre dauert.\n<\/p>\n<\/div><\/div><\/div><\/div><\/div><\/div><\/div><\/section><section href=\"#VignaGrazia\" id=\"VignaGrazia\" class=\"rexpansive_section mobile-no-full-height full-height-section navigate-section\" style=\"background-color:rgba(0,0,0,1);\"><div class=\"responsive-overlay\" style=\"background-color:rgba(255, 255, 255, 0.5);\"><div class=\"full-disposition\"><div class=\"perfect-grid-gallery\" data-separator=\"0\" data-layout=\"fixed\" data-full-height=\"true\"><div class=\"perfect-grid-sizer\"><\/div><div id=\"block_2_0\" class=\"perfect-grid-item only-background w12 rex-flex-middle rex-flex-center block--only-image block-type--full\" data-height=\"6\" data-width=\"12\" data-row=\"1\" data-col=\"1\"><div class=\"grid-item-content empty-content rex-flexbox\" style=\"background-image:url('https:\/\/www.murola.it\/wp-content\/uploads\/2017\/06\/vigna-grazia.jpg');\"><div class=\"rex-custom-scrollbar rex-custom-position\"><\/div><\/div><\/div><div id=\"block_2_1\" class=\"perfect-grid-item w6 rex-flex-middle rex-flex-left block--only-content\" data-height=\"4\" data-width=\"6\" data-row=\"7\" data-col=\"1\"><div class=\"grid-item-content empty-content rex-flexbox\" style=\"background-color:rgba(255,255,255,0);\"><div class=\"rex-custom-scrollbar rex-custom-position\"><div class=\"text-wrap rex-content-resizable\" style=\"padding-top:15px;padding-right:30px;padding-bottom:15px;padding-left:30px;\">\n<h2>Weinberg Grazia<\/h2>\n<hr \/>\n<p>Dieser Weinberg ist einer f\u00fcr viele von uns besonders lieben Person gewidmet, die unter den ersten ihre Augen auf diese L\u00e4nder richtete, um sich niemals von ihnen zu l\u00f6sen.<\/p>\n<\/div><\/div><\/div><\/div><div id=\"block_2_2\" class=\"perfect-grid-item w6 rex-flex-middle rex-flex-left block--only-content\" data-height=\"4\" data-width=\"6\" data-row=\"7\" data-col=\"7\"><div class=\"grid-item-content empty-content rex-flexbox\"><div class=\"rex-custom-scrollbar rex-custom-position\"><div class=\"text-wrap rex-content-resizable\" style=\"padding-top:15px;padding-right:30px;padding-bottom:15px;padding-left:30px;\">\n<p><strong>Rebsorten<\/strong>: Sangiovese, Merlot<br \/><strong>Bodenart<\/strong>: sehr tief, tonhaltig-schlammig<br \/><strong>Ausrichtung<\/strong>: S\u00fcd\/S\u00fcd-Ost<br \/><strong>H\u00f6he<\/strong>: 250 m \u00fcber dem Meeresspiegel<br \/><strong>Jahr der Pflanzung<\/strong>: 2001<br \/><strong>Pflanzensetzung<\/strong>: 2,4 Meter zwischen den Reihen; 0,72 Meter entlang der Reihe<br \/><strong>Stockdichte<\/strong>: 5780 Rebst\u00f6cke\/Hektar<br \/><strong>Reberziehung:<\/strong>: Kordon, Guyot<br \/><strong>Produktion<\/strong>: 60\/90 Doppelzentner\/Hektar<\/p>\n<\/div><\/div><\/div><\/div><\/div><\/div><\/div><\/section><section href=\"#VignaMonte\" id=\"VignaMonte\" class=\"rexpansive_section mobile-no-full-height full-height-section navigate-section\" style=\"background-color:rgba(0,0,0,1);\"><div class=\"responsive-overlay\" style=\"background-color:rgba(255, 255, 255, 0.5);\"><div class=\"full-disposition\"><div class=\"perfect-grid-gallery\" data-separator=\"0\" data-layout=\"fixed\" data-full-height=\"true\"><div class=\"perfect-grid-sizer\"><\/div><div id=\"block_3_0\" class=\"perfect-grid-item only-background w12 rex-flex-middle rex-flex-center block--only-image block-type--full\" data-height=\"6\" data-width=\"12\" data-row=\"1\" data-col=\"1\"><div class=\"grid-item-content empty-content rex-flexbox\" style=\"background-image:url('https:\/\/www.murola.it\/wp-content\/uploads\/2017\/06\/vigna-monte.jpg');\"><div class=\"rex-custom-scrollbar rex-custom-position\"><\/div><\/div><\/div><div id=\"block_3_1\" class=\"perfect-grid-item w6 rex-flex-middle rex-flex-left block--only-content\" data-height=\"4\" data-width=\"6\" data-row=\"7\" data-col=\"1\"><div class=\"grid-item-content empty-content rex-flexbox\" style=\"background-color:rgba(255,255,255,0);\"><div class=\"rex-custom-scrollbar rex-custom-position\"><div class=\"text-wrap rex-content-resizable\" style=\"padding-top:15px;padding-right:30px;padding-bottom:15px;padding-left:30px;\">\n<h2>Weinberg Monte<\/h2>\n<hr \/>\n<p>Der Weinberg schmiegt sich mit sanften H\u00fcgeln entlang der Kantine. Die Rebreihen tanzen und reihen sich in vielf\u00e4ltiger Ausrichtung von Ost nach S\u00fcdwest.<\/p>\n<\/div><\/div><\/div><\/div><div id=\"block_3_2\" class=\"perfect-grid-item w6 rex-flex-middle rex-flex-left block--only-content\" data-height=\"4\" data-width=\"6\" data-row=\"7\" data-col=\"7\"><div class=\"grid-item-content empty-content rex-flexbox\"><div class=\"rex-custom-scrollbar rex-custom-position\"><div class=\"text-wrap rex-content-resizable\" style=\"padding-top:15px;padding-right:30px;padding-bottom:15px;padding-left:30px;\">\n<p><strong>Rebsorten<\/strong>: Sangiovese, Montepulciano, Trebbiano<br \/><strong>Bodentyp<\/strong>: sehr tief, tonhaltig-schlammig<br \/><strong>Exposition<\/strong>: von Ost nach S\u00fcdwest<br \/><strong>H\u00f6he<\/strong>: 230 m \u00fcber dem Meeresspiegel<br \/><strong>Jahr der Pflanzung<\/strong>: 2007<br \/><strong>Pflanzensetzung<\/strong>: 2,4 Meter zwischen den Reihen; 0,80 Meter entlang der Reihe<br \/><strong>Stockdichte<\/strong>: 5200 Reben\/Hektar <br \/><strong>FReberziehung<\/strong>: Kordon, Guyot<br \/><strong>Produktion<\/strong>: 60\/90 Doppelzentner\/Hektar f\u00fcr Rot, 80\/110 Doppelzentner\/Hektar f\u00fcr Wei\u00df<\/p>\n<\/div><\/div><\/div><\/div><\/div><\/div><\/div><\/section><section href=\"#VignaLevante\" id=\"VignaLevante\" class=\"rexpansive_section mobile-no-full-height full-height-section navigate-section\" style=\"background-color:rgba(0,0,0,1);\"><div class=\"responsive-overlay\" style=\"background-color:rgba(255, 255, 255, 0.5);\"><div class=\"full-disposition\"><div class=\"perfect-grid-gallery\" data-separator=\"0\" data-layout=\"fixed\" data-full-height=\"true\"><div class=\"perfect-grid-sizer\"><\/div><div id=\"block_4_0\" class=\"perfect-grid-item only-background w12 block--only-image block-type--full\" data-height=\"6\" data-width=\"12\" data-row=\"1\" data-col=\"1\"><div class=\"grid-item-content empty-content\" style=\"background-image:url('https:\/\/www.murola.it\/wp-content\/uploads\/2017\/06\/vigna-levante.jpg');\" alt=\"vigna levantr\" ><div class=\"rex-custom-scrollbar\"><\/div><\/div><\/div><div id=\"block_4_1\" class=\"perfect-grid-item w6 rex-flex-middle rex-flex-left block--only-content\" data-height=\"4\" data-width=\"6\" data-row=\"7\" data-col=\"1\"><div class=\"grid-item-content empty-content rex-flexbox\" style=\"background-color:rgba(255,255,255,0);\"><div class=\"rex-custom-scrollbar rex-custom-position\"><div class=\"text-wrap rex-content-resizable\" style=\"padding-top:15px;padding-right:30px;padding-bottom:15px;padding-left:30px;\">\n<h2>Weinberg Levante<\/h2>\n<hr \/>\n<p>Weinberg zum Osten ausgerichtet, der Sonne und der beruhigenden Brise der Adria entgegen.<\/p>\n<\/div><\/div><\/div><\/div><div id=\"block_4_2\" class=\"perfect-grid-item w6 rex-flex-middle rex-flex-left block--only-content\" data-height=\"4\" data-width=\"6\" data-row=\"7\" data-col=\"7\"><div class=\"grid-item-content empty-content rex-flexbox\"><div class=\"rex-custom-scrollbar rex-custom-position\"><div class=\"text-wrap rex-content-resizable\" style=\"padding-top:15px;padding-right:30px;padding-bottom:15px;padding-left:30px;\">\n<p><strong>Rebsorten<\/strong>: Ribona, Sangiovese, Montepulciano, Merlot<br \/><strong>Bodentyp<\/strong>: sehr tief, tonhaltig-schlammig<br \/><strong>Exposition<\/strong>: Ost<br \/><strong>H\u00f6he <\/strong>: 230 m \u00fcber dem Meeresspiegel<br \/><strong>Jahr der Pflanzung<\/strong>: 2006<br \/><strong>Pflanzensetzung<\/strong>: 2,4 Meter zwischen den Reihen; 0,80 Meter entlang der Reihe<br \/><strong>Dichte der Reben<\/strong>: 5200 Reben\/Hektar<br \/><strong>Reberziehung<\/strong>: Kordon, Guyot<br \/><strong>Produktion<\/strong>: 60\/90 Doppelzentner\/Hektar f\u00fcr Rot; 80\/110 Doppelzentner\/Hektar f\u00fcr Wei\u00df<\/p>\n<\/div><\/div><\/div><\/div><\/div><\/div><\/div><\/section><section href=\"#VignaLeFonti\" id=\"VignaLeFonti\" class=\"rexpansive_section mobile-no-full-height full-height-section navigate-section\" style=\"background-color:rgba(0,0,0,1);\"><div class=\"responsive-overlay\" style=\"background-color:rgba(255, 255, 255, 0.5);\"><div class=\"full-disposition\"><div class=\"perfect-grid-gallery\" data-separator=\"0\" data-layout=\"fixed\" data-full-height=\"true\"><div class=\"perfect-grid-sizer\"><\/div><div id=\"block_5_0\" class=\"perfect-grid-item only-background w12 block--only-image block-type--full\" data-height=\"6\" data-width=\"12\" data-row=\"1\" data-col=\"1\"><div class=\"grid-item-content empty-content\" style=\"background-image:url('https:\/\/www.murola.it\/wp-content\/uploads\/2017\/06\/vigna-le-fonti.jpg');\" alt=\"vigna le fonti\" ><div class=\"rex-custom-scrollbar\"><\/div><\/div><\/div><div id=\"block_5_1\" class=\"perfect-grid-item w6 rex-flex-middle rex-flex-left block--only-content\" data-height=\"4\" data-width=\"6\" data-row=\"7\" data-col=\"1\"><div class=\"grid-item-content empty-content rex-flexbox\" style=\"background-color:rgba(255,255,255,0);\"><div class=\"rex-custom-scrollbar rex-custom-position\"><div class=\"text-wrap rex-content-resizable\" style=\"padding-top:15px;padding-right:30px;padding-bottom:15px;padding-left:30px;\">\n<h2>Weinberg Die Quellen<\/h2>\n<hr \/>\n<p>Am Fu\u00dfe dieses Weinbergs befinden sich hei\u00dfe Quellen, die in der R\u00f6merzeit genutzt wurden, jetzt aber im Dornr\u00f6schenschlaf liegen und in verlassenen Schluchten von Jungfernhaar und anderen Pflanzen \u00fcberwuchert sind.<\/p>\n<\/div><\/div><\/div><\/div><div id=\"block_5_2\" class=\"perfect-grid-item w6 rex-flex-middle rex-flex-left block--only-content\" data-height=\"4\" data-width=\"6\" data-row=\"7\" data-col=\"7\"><div class=\"grid-item-content empty-content rex-flexbox\"><div class=\"rex-custom-scrollbar rex-custom-position\"><div class=\"text-wrap rex-content-resizable\" style=\"padding-top:15px;padding-right:30px;padding-bottom:15px;padding-left:30px;\">\n<p><strong>Rebsorten<\/strong>: Ribona<br \/><strong>Bodentyp<\/strong>: sehr tief, tonhaltig-schlammig<br \/><strong>Exposition<\/strong>: Ost<br \/><strong>H\u00f6he<\/strong>: 240 m \u00fcber dem Meeresspiegel<br \/><strong>Jahr der Pflanzung<\/strong>: 2006<br \/><strong>Pflanzensetzung<\/strong>: 2,4 Meter zwischen den Reihen; 0,80 Meter entlang der Reihe<br \/><strong>Dichte der Reben<\/strong>: 5200 Reben\/Hektar<br \/><strong>Reberziehung<\/strong>: Guyot<br \/><strong>Produktion<\/strong>: 80\/110 Doppelzentner\/Hektar<\/p>\n<\/div><\/div><\/div><\/div><\/div><\/div><\/div><\/section><section href=\"#VignaMiracolo\" id=\"VignaMiracolo\" class=\"rexpansive_section mobile-no-full-height full-height-section navigate-section\" style=\"background-color:rgba(0,0,0,1);\"><div class=\"responsive-overlay\" style=\"background-color:rgba(255, 255, 255, 0.5);\"><div class=\"full-disposition\"><div class=\"perfect-grid-gallery\" data-separator=\"0\" data-layout=\"fixed\" data-full-height=\"true\"><div class=\"perfect-grid-sizer\"><\/div><div id=\"block_6_0\" class=\"perfect-grid-item only-background w12 block--only-image block-type--full\" data-height=\"6\" data-width=\"12\" data-row=\"1\" data-col=\"1\"><div class=\"grid-item-content empty-content\" style=\"background-image:url('https:\/\/www.murola.it\/wp-content\/uploads\/2017\/06\/vigna-miracolo.jpg');\" alt=\"vigna miracolo\" ><div class=\"rex-custom-scrollbar\"><\/div><\/div><\/div><div id=\"block_6_1\" class=\"perfect-grid-item w6 rex-flex-middle rex-flex-left block--only-content\" data-height=\"4\" data-width=\"6\" data-row=\"7\" data-col=\"1\"><div class=\"grid-item-content text-content rex-flexbox\"  style=\"background-color:rgba(255,255,255,0);\"><div class=\"rex-custom-scrollbar rex-custom-position\"><div class=\"text-wrap rex-content-resizable\" style=\"padding-top:15px;padding-right:30px;padding-bottom:15px;padding-left:30px;\">\n<h2>Weinberg Miracolo<\/h2>\n<hr \/>\n<p>Der Weinberg ist nach einem P\u00e4chter benannt, der dieses Feld zu Beginn des letzten Jahrhunderts bewirtschaftete. Der Weinberg ist unseren Roten gewidmet, weil er sich \u201ewie ein Wunder\u201c (Miracolo) mit seinem sanften Hang dem S\u00fcden entgegenneigt.<\/p>\n<\/div><\/div><\/div><\/div><div id=\"block_6_2\" class=\"perfect-grid-item w6 rex-flex-middle rex-flex-left block--only-content\" data-height=\"4\" data-width=\"6\" data-row=\"7\" data-col=\"7\"><div class=\"grid-item-content empty-content rex-flexbox\"><div class=\"rex-custom-scrollbar rex-custom-position\"><div class=\"text-wrap rex-content-resizable\" style=\"padding-top:15px;padding-right:30px;padding-bottom:15px;padding-left:30px;\">\n<p><strong>Rebsorten<\/strong>: Montepulciano und Sangiovese<br \/><strong>Bodentyp<\/strong>: sehr tief, tonhaltig-schlammig<br \/><strong>Exposition<\/strong>:S\u00fcd<br \/><strong>H\u00f6he<\/strong>: 240 m \u00fcber dem Meeresspiegel<br \/><strong>Jahr der Pflanzung<\/strong>: 2006<br \/><strong>Pflanzensetzung<\/strong>: 2,4 Meter zwischen den Reihen; 0,80 Meter entlang der Reihe<br \/><strong>Dichte der Reben<\/strong>: 5200 Reben\/Hektar<br \/><strong>Reberziehung<\/strong>: Kordon<br \/><strong>Produktion<\/strong>: 80\/110 Doppelzentner\/Hektar<\/p>\n<\/div><\/div><\/div><\/div><\/div><\/div><\/div><\/section><section href=\"#VignaVara\" id=\"VignaVara\" class=\"rexpansive_section mobile-no-full-height full-height-section navigate-section\" style=\"background-color:rgba(0,0,0,1);\"><div class=\"responsive-overlay\" style=\"background-color:rgba(255, 255, 255, 0.5);\"><div class=\"full-disposition\"><div class=\"perfect-grid-gallery\" data-separator=\"0\" data-layout=\"fixed\" data-full-height=\"true\"><div class=\"perfect-grid-sizer\"><\/div><div id=\"block_7_0\" class=\"perfect-grid-item only-background w12 block--only-image block-type--full\" data-height=\"6\" data-width=\"12\" data-row=\"1\" data-col=\"1\"><div class=\"grid-item-content empty-content\" style=\"background-image:url('https:\/\/www.murola.it\/wp-content\/uploads\/2017\/06\/vigna-vara.jpg');\" alt=\"vigna var\u00e0\" ><div class=\"rex-custom-scrollbar\"><\/div><\/div><\/div><div id=\"block_7_1\" class=\"perfect-grid-item w6 rex-flex-middle rex-flex-left block--only-content\" data-height=\"4\" data-width=\"6\" data-row=\"7\" data-col=\"1\"><div class=\"grid-item-content text-content rex-flexbox\"  style=\"background-color:rgba(255,255,255,0);\"><div class=\"rex-custom-scrollbar rex-custom-position\"><div class=\"text-wrap rex-content-resizable\" style=\"padding-top:15px;padding-right:30px;padding-bottom:15px;padding-left:30px;\">\n<h2>Weinberg Var\u00e0<\/h2>\n<hr \/>\n<p>Der Weinberg ist ebenfalls benannt nach dem Spitznamen eines P\u00e4chters. Wie alle Spitznamen markiert er ein Merkmal, das dann an alle Nachkommen \u00fcbertragen wird, als w\u00e4re es eine Dynastie. Er liebte es, in der Sonne zu liegen, wie ein verfrorener Waran. Auch dieser Weinberg mit seiner Amphitheater-Gestalt liebt es sich in der Sonne zu aalen.  <\/p>\n<\/div><\/div><\/div><\/div><div id=\"block_7_2\" class=\"perfect-grid-item w6 rex-flex-middle rex-flex-left block--only-content\" data-height=\"4\" data-width=\"6\" data-row=\"7\" data-col=\"7\"><div class=\"grid-item-content empty-content rex-flexbox\" style=\"background-color:rgba(255,255,255,0);\"><div class=\"rex-custom-scrollbar rex-custom-position\"><div class=\"text-wrap rex-content-resizable\" style=\"padding-top:15px;padding-right:30px;padding-bottom:15px;padding-left:30px;\">\n<p><strong>Rebsorten<\/strong>: Sangiovese und  Merlot<br \/><strong>Bodenart<\/strong>: sehr tief, tonhaltig-schlammig<br \/><strong>Exposition<\/strong>: S\u00fcd-Ost<br \/><strong>H\u00f6he<\/strong>: 240 m \u00fcber dem Meeresspiegel<br \/><strong>Jahr der Pflanzung<\/strong>: 2006<br \/><strong>Pflanzensetzung<\/strong>: 2,4 Meter zwischen den Reihen; 0,80 Meter entlang der Reihe<br \/><strong>Dichte der Reben<\/strong>: 5200 Reben\/Hektar<br \/><strong>Zuchtform<\/strong>: Kordon <br \/><strong>Produktion<\/strong>: 80\/110 Doppelzentner\/Hektar<\/p>\n<\/div><\/div><\/div><\/div><\/div><\/div><\/div><\/section><section href=\"#VignaVore\" id=\"VignaVore\" class=\"rexpansive_section mobile-no-full-height full-height-section navigate-section\" style=\"background-color:rgba(0,0,0,1);\"><div class=\"responsive-overlay\" style=\"background-color:rgba(255, 255, 255, 0.5);\"><div class=\"full-disposition\"><div class=\"perfect-grid-gallery\" data-separator=\"0\" data-layout=\"fixed\" data-full-height=\"true\"><div class=\"perfect-grid-sizer\"><\/div><div id=\"block_8_0\" class=\"perfect-grid-item only-background w12 block--only-image block-type--full\" data-height=\"6\" data-width=\"12\" data-row=\"1\" data-col=\"1\"><div class=\"grid-item-content empty-content\" style=\"background-image:url('https:\/\/www.murola.it\/wp-content\/uploads\/2017\/06\/vigna-vore-2.jpg');\"><div class=\"rex-custom-scrollbar\"><\/div><\/div><\/div><div id=\"block_8_1\" class=\"perfect-grid-item w6 rex-flex-middle rex-flex-left block--only-content\" data-height=\"4\" data-width=\"6\" data-row=\"7\" data-col=\"1\"><div class=\"grid-item-content empty-content rex-flexbox\" style=\"background-color:rgba(255,255,255,0);\"><div class=\"rex-custom-scrollbar rex-custom-position\"><div class=\"text-wrap rex-content-resizable\" style=\"padding-top:15px;padding-right:30px;padding-bottom:15px;padding-left:30px;\">\n<h2>Weinberg Vore<\/h2>\n<hr \/>\n<p>Der Weinberg ist nach Norden gerichtet, wie sein Name schon sagt, der seit jeher diesem Land gegeben wurde. Aber in diesen Breitengraden ist die \u201cVora\u201d, d. h. die Bora, eher ein Synonym f\u00fcr Frische als f\u00fcr Strenge.<\/p>\n<\/div><\/div><\/div><\/div><div id=\"block_8_2\" class=\"perfect-grid-item w6 rex-flex-middle rex-flex-left block--only-content\" data-height=\"4\" data-width=\"6\" data-row=\"7\" data-col=\"7\"><div class=\"grid-item-content empty-content rex-flexbox\" style=\"background-color:rgba(255,255,255,0);\"><div class=\"rex-custom-scrollbar rex-custom-position\"><div class=\"text-wrap rex-content-resizable\" style=\"padding-top:15px;padding-right:30px;padding-bottom:15px;padding-left:30px;\">\n<p><strong>Rebsorten<\/strong>: Ribona, Passerina und unser Experimentier-Weinberg<br \/><strong>Bodenart<\/strong>: sehr tief, tonhaltig-schlammig<br \/><strong>Exposition<\/strong>: Nord<br \/><strong>H\u00f6he<\/strong>: 240 m \u00fcber dem Meeresspiegel<br \/><strong>Jahr der Pflanzung<\/strong>: 2006<br \/><strong>Pflanzensetzung<\/strong>: 2,4 Meter zwischen den Reihen; 0,80 Meter entlang der Reihe<br \/><strong>Dichte der Reben<\/strong>: 5200 Reben\/Hektar <br \/><strong>Zuchtform<\/strong>: Kordon<br \/><strong>Produktion<\/strong>: 80\/110 Doppelzentner\/Hektar<\/p>\n<\/div><\/div><\/div><\/div><\/div><\/div><\/div><\/section>\n","protected":false},"excerpt":{"rendered":"","protected":false},"author":4,"featured_media":2588,"parent":0,"menu_order":4,"comment_status":"closed","ping_status":"closed","template":"page-templates\/page-builder.php","meta":{"advanced_seo_description":"","jetpack_seo_html_title":"","jetpack_seo_noindex":false,"footnotes":""},"jetpack_sharing_enabled":true,"_links":{"self":[{"href":"https:\/\/www.murola.it\/de\/wp-json\/wp\/v2\/pages\/7998"}],"collection":[{"href":"https:\/\/www.murola.it\/de\/wp-json\/wp\/v2\/pages"}],"about":[{"href":"https:\/\/www.murola.it\/de\/wp-json\/wp\/v2\/types\/page"}],"author":[{"embeddable":true,"href":"https:\/\/www.murola.it\/de\/wp-json\/wp\/v2\/users\/4"}],"replies":[{"embeddable":true,"href":"https:\/\/www.murola.it\/de\/wp-json\/wp\/v2\/comments?post=7998"}],"version-history":[{"count":2,"href":"https:\/\/www.murola.it\/de\/wp-json\/wp\/v2\/pages\/7998\/revisions"}],"predecessor-version":[{"id":8764,"href":"https:\/\/www.murola.it\/de\/wp-json\/wp\/v2\/pages\/7998\/revisions\/8764"}],"wp:featuredmedia":[{"embeddable":true,"href":"https:\/\/www.murola.it\/de\/wp-json\/wp\/v2\/media\/2588"}],"wp:attachment":[{"href":"https:\/\/www.murola.it\/de\/wp-json\/wp\/v2\/media?parent=7998"}],"curies":[{"name":"wp","href":"https:\/\/api.w.org\/{rel}","templated":true}]}}