{"id":8053,"date":"2021-10-25T06:35:00","date_gmt":"2021-10-25T04:35:00","guid":{"rendered":"https:\/\/www.murola.it\/die-weine\/"},"modified":"2023-09-27T23:42:49","modified_gmt":"2023-09-27T21:42:49","slug":"die-weine","status":"publish","type":"page","link":"https:\/\/www.murola.it\/de\/die-weine\/","title":{"rendered":"Die Weine"},"content":{"rendered":"<section class=\"rexpansive_section navigate-section\"><div class=\"full-disposition\"><div class=\"perfect-grid-gallery\" data-separator=\"20\" data-layout=\"fixed\" data-full-height=\"false\"><div class=\"perfect-grid-sizer\"><\/div><div id=\"block_0_0\" class=\"perfect-grid-item w4 rex-flex-bottom rex-flex-left active-small-block-overlay active-medium-block-overlay active-large-block-overlay block--only-image block-type--full\" data-height=\"4\" data-width=\"4\" data-row=\"1\" data-col=\"1\"><div class=\"grid-item-content text-content rex-flexbox\"  style=\"background-image:url('https:\/\/www.murola.it\/wp-content\/uploads\/2023\/09\/tenute_murola__157-2-scaled.jpg');\"><div class=\"responsive-block-overlay\" style=\"background-color:rgba(0, 0, 0, 0.4);\"><div class=\"rex-custom-scrollbar rex-custom-position\"><div class=\"text-wrap rex-content-resizable\" style=\"padding-top:5px;padding-right:5px;padding-bottom:20px;padding-left:20px;\">\n<h1>I vini<\/h1>\n<div class=\"p-border\" style=\"max-width:200px;border-left-color:#AE8914;border-left-width:3px;\">\n\t\t<p>\n\t\t<\/p>\n<h5>SIE SIND DAZU GEBOREN, UM VON IHREM URSPRUNG ZU ERZ\u00c4HLEN, DER LIEBE UND DER F\u00dcRSORGE, DIE WIR IHNEN ANGEDEIHEN LASSEN. WIR WOLLEN, DASS DIE NAMEN, DIE SIE REPR\u00c4SENTIEREN, GLEICHWOHL DIE EXZELLENZ UNSERER FAMILIE SOWIE DES TERRITORIUMS WIDERSPIEGELN.<\/h5>\n<p>\t<\/p>\n<\/div>\n\n<\/div><\/div><\/div><\/div><\/div><div id=\"block_0_1\" class=\"perfect-grid-item real-empty only-background w8 block--only-image\" data-height=\"4\" data-width=\"8\" data-row=\"1\" data-col=\"5\"><div class=\"grid-item-content empty-content real-empty\"><div class=\"rex-custom-scrollbar\"><\/div><\/div><\/div><\/div><\/div><\/section><section class=\"rexpansive_section navigate-section\"><div class=\"full-disposition\"><div class=\"perfect-grid-gallery\" data-separator=\"20\" data-layout=\"fixed\" data-full-height=\"false\"><div class=\"perfect-grid-sizer\"><\/div><\/div><\/div><\/section>\n","protected":false},"excerpt":{"rendered":"","protected":false},"author":4,"featured_media":2578,"parent":0,"menu_order":20,"comment_status":"closed","ping_status":"closed","template":"archive-rex_portfolio.php","meta":{"advanced_seo_description":"","jetpack_seo_html_title":"","jetpack_seo_noindex":false,"footnotes":""},"jetpack_sharing_enabled":true,"_links":{"self":[{"href":"https:\/\/www.murola.it\/de\/wp-json\/wp\/v2\/pages\/8053"}],"collection":[{"href":"https:\/\/www.murola.it\/de\/wp-json\/wp\/v2\/pages"}],"about":[{"href":"https:\/\/www.murola.it\/de\/wp-json\/wp\/v2\/types\/page"}],"author":[{"embeddable":true,"href":"https:\/\/www.murola.it\/de\/wp-json\/wp\/v2\/users\/4"}],"replies":[{"embeddable":true,"href":"https:\/\/www.murola.it\/de\/wp-json\/wp\/v2\/comments?post=8053"}],"version-history":[{"count":2,"href":"https:\/\/www.murola.it\/de\/wp-json\/wp\/v2\/pages\/8053\/revisions"}],"predecessor-version":[{"id":10615,"href":"https:\/\/www.murola.it\/de\/wp-json\/wp\/v2\/pages\/8053\/revisions\/10615"}],"wp:featuredmedia":[{"embeddable":true,"href":"https:\/\/www.murola.it\/de\/wp-json\/wp\/v2\/media\/2578"}],"wp:attachment":[{"href":"https:\/\/www.murola.it\/de\/wp-json\/wp\/v2\/media?parent=8053"}],"curies":[{"name":"wp","href":"https:\/\/api.w.org\/{rel}","templated":true}]}}