{"id":3838,"date":"2020-02-25T12:57:00","date_gmt":"2020-02-25T11:57:00","guid":{"rendered":"https:\/\/www.murola.it\/?page_id=3838"},"modified":"2024-06-04T00:00:57","modified_gmt":"2024-06-03T22:00:57","slug":"firma","status":"publish","type":"page","link":"https:\/\/www.murola.it\/pl\/firma\/","title":{"rendered":"Firma"},"content":{"rendered":"<section class=\"rexpansive_section navigate-section\"><div class=\"full-disposition\"><div class=\"perfect-grid-gallery\" data-separator=\"20\" data-layout=\"fixed\" data-full-height=\"false\"><div class=\"perfect-grid-sizer\"><\/div><div id=\"block_0_0\" class=\"perfect-grid-item w4 rex-flex-bottom rex-flex-left active-small-block-overlay active-medium-block-overlay active-large-block-overlay block--only-image block-type--full\" data-height=\"4\" data-width=\"4\" data-row=\"1\" data-col=\"1\"><div class=\"grid-item-content text-content rex-flexbox\"  style=\"background-image:url('https:\/\/www.murola.it\/wp-content\/uploads\/2017\/07\/azienda-1.jpg');\"><div class=\"responsive-block-overlay\" style=\"background-color:rgba(0, 0, 0, 0.3);\"><div class=\"rex-custom-scrollbar rex-custom-position\"><div class=\"text-wrap rex-content-resizable\" style=\"padding-top:5px;padding-right:5px;padding-bottom:20px;padding-left:20px;\">\n<h1>Firma<\/h1>\n<div class=\"p-border\" style=\"max-width:200px;border-left-color:#AE8914;border-left-width:3px;\">\n\t\t<p>\n\t\t<\/p>\n<h5>Rodzina, ziemia i winoro\u015ble \u2013 oto wyj\u0105tkowa historia, kt\u00f3ra obejmuje i zamyka w kr\u0119gu czas i przestrze\u0144. Za ka\u017cdym winem stoj\u0105 rodzinne wi\u0119zy, to\u017csamo\u015b\u0107, przywi\u0105zanie do terytorium, wsp\u00f3lne do\u015bwiadczenia i nowe wyzwania degustacyjne.<\/h5>\n<p>\t<\/p>\n<\/div>\n\n<\/div><\/div><\/div><\/div><\/div><div id=\"block_0_1\" class=\"perfect-grid-item real-empty w8 block--only-image\" data-height=\"4\" data-width=\"8\" data-row=\"1\" data-col=\"5\"><div class=\"grid-item-content empty-content real-empty\"><div class=\"rex-custom-scrollbar\"><\/div><\/div><\/div><\/div><\/div><\/section><section class=\"rexpansive_section mobile-no-full-height full-height-section navigate-section\" style=\"background-color:rgba(0,0,0,1);\"><div class=\"responsive-overlay\" style=\"background-color:rgba(0, 0, 0, 0);\"><div class=\"full-disposition\"><div class=\"perfect-grid-gallery\" data-separator=\"0\" data-layout=\"fixed\" data-full-height=\"true\"><div class=\"perfect-grid-sizer\"><\/div><div id=\"block_1_0\" class=\"perfect-grid-item only-background w12 rex-flex-middle rex-flex-center block--only-image block-type--full\" data-height=\"5\" data-width=\"12\" data-row=\"1\" data-col=\"1\"><div class=\"grid-item-content text-content rex-flexbox\"  style=\"background-image:url('https:\/\/www.murola.it\/wp-content\/uploads\/2024\/06\/4_La-tenuta.jpg2_.jpg');\"><div class=\"rex-custom-scrollbar rex-custom-position\"><\/div><\/div><\/div><div id=\"block_1_1\" class=\"perfect-grid-item w12 rex-flex-middle rex-flex-left block--only-content\" data-height=\"4\" data-width=\"12\" data-row=\"6\" data-col=\"1\"><div class=\"grid-item-content text-content rex-flexbox\" ><div class=\"rex-custom-scrollbar rex-custom-position\"><div class=\"text-wrap rex-content-resizable\" style=\"padding-top:15px;padding-right:30px;padding-bottom:15px;padding-left:30px;\">\n<h2>W sercu Winnicy Mur\u00f2la<\/h2>\n<p>Posiad\u0142o\u015b\u0107 jest po\u0142o\u017cona w  centralnym punkcie p\u00f3\u0142wyspu apeni\u0144skiego i regionu Marche, w po\u0142owie drogi mi\u0119dzy g\u00f3rami Monti Sibillini i Morzem Adriatyckim, na pradawnych ziemiach Picen\u00f3w i pograniczu dw\u00f3ch pere\u0142ek: Rezerwatu Przyrody i parku archeologicznego.<\/p>\n<\/div><\/div><\/div><\/div><\/div><\/div><\/div><\/section><section class=\"rexpansive_section mobile-no-full-height full-height-section navigate-section\" style=\"background-color:rgba(0,0,0,1);\"><div class=\"responsive-overlay\" style=\"background-color:rgba(0, 0, 0, 0);\"><div class=\"full-disposition\"><div class=\"perfect-grid-gallery\" data-separator=\"0\" data-layout=\"fixed\" data-full-height=\"true\"><div class=\"perfect-grid-sizer\"><\/div><div id=\"block_4_0\" class=\"perfect-grid-item only-background w12 rex-flex-middle rex-flex-center block--only-image block-type--full\" data-height=\"5\" data-width=\"12\" data-row=\"1\" data-col=\"1\"><div class=\"grid-item-content text-content rex-flexbox\"  style=\"background-image:url('https:\/\/www.murola.it\/wp-content\/uploads\/2024\/06\/0-165.jpg2_.jpg');\"><div class=\"rex-custom-scrollbar rex-custom-position\"><\/div><\/div><\/div><div id=\"block_4_1\" class=\"perfect-grid-item w12 rex-flex-middle rex-flex-left block--only-content\" data-height=\"4\" data-width=\"12\" data-row=\"6\" data-col=\"1\"><div class=\"grid-item-content text-content rex-flexbox\" ><div class=\"rex-custom-scrollbar rex-custom-position\"><div class=\"text-wrap rex-content-resizable\" style=\"padding-top:15px;padding-right:30px;padding-bottom:15px;padding-left:30px;\">\n<p>Nazwisko MUR\u00d2LA wywodzi si\u0119 od nazwy \u017ar\u00f3d\u0142a, w kt\u00f3rym pojono trzody, i kt\u00f3re zapewnia\u0142o \u017cyzno\u015b\u0107 okolicznym terenom. Wspominaj\u0105 ju\u017c o nim archiwa z pocz\u0105tku XVIII wieku.<\/p>\n<\/div><\/div><\/div><\/div><\/div><\/div><\/div><\/section><section class=\"rexpansive_section mobile-no-full-height full-height-section navigate-section\" style=\"background-color:rgba(0,0,0,1);\"><div class=\"responsive-overlay\" style=\"background-color:rgba(0, 0, 0, 0);\"><div class=\"full-disposition\"><div class=\"perfect-grid-gallery\" data-separator=\"0\" data-layout=\"fixed\" data-full-height=\"true\"><div class=\"perfect-grid-sizer\"><\/div><div id=\"block_2_2\" class=\"perfect-grid-item only-background w12 rex-flex-bottom rex-flex-center block--only-image block-type--full\" data-height=\"5\" data-width=\"12\" data-row=\"1\" data-col=\"1\"><div class=\"grid-item-content text-content rex-flexbox\"  style=\"background-image:url('https:\/\/www.murola.it\/wp-content\/uploads\/2024\/06\/tenute_murola__167-1.JPG2_.jpg2_.jpg');\"><div class=\"rex-custom-scrollbar rex-custom-position\"><\/div><\/div><\/div><div id=\"block_2_1\" class=\"perfect-grid-item w12 rex-flex-middle rex-flex-left block--only-content\" data-height=\"4\" data-width=\"12\" data-row=\"6\" data-col=\"1\"><div class=\"grid-item-content text-content rex-flexbox\" ><div class=\"rex-custom-scrollbar rex-custom-position\"><div class=\"text-wrap rex-content-resizable\" style=\"padding-top:15px;padding-right:30px;padding-bottom:15px;padding-left:30px;\">\n<p>MUR\u00d2LA to firma rodzinna, produkuj\u0105ca wina z tradycyjnych, lokalnych szczep\u00f3w oraz prowadz\u0105ca uprawy oryginalnych klon\u00f3w winoro\u015bli rosn\u0105cych na terenie posiad\u0142o\u015bci. Silne zwi\u0105zki z terytorium przy\u015bwiecaj\u0105 idei naszego projektu.<\/p>\n<\/div><\/div><\/div><\/div><\/div><\/div><\/div><\/section><section class=\"rexpansive_section mobile-no-full-height full-height-section navigate-section\" style=\"background-color:rgba(0,0,0,1);\"><div class=\"responsive-overlay\" style=\"background-color:rgba(0, 0, 0, 0);\"><div class=\"full-disposition\"><div class=\"perfect-grid-gallery\" data-separator=\"0\" data-layout=\"fixed\" data-full-height=\"true\"><div class=\"perfect-grid-sizer\"><\/div><div id=\"block_3_2\" class=\"perfect-grid-item only-background w12 block--only-image block-type--full\" data-height=\"5\" data-width=\"12\" data-row=\"1\" data-col=\"1\"><div class=\"grid-item-content empty-content\" style=\"background-image:url('https:\/\/www.murola.it\/wp-content\/uploads\/2017\/07\/azienda-5.jpg');\"><div class=\"rex-custom-scrollbar\"><\/div><\/div><\/div><div id=\"block_3_1\" class=\"perfect-grid-item w12 rex-flex-middle rex-flex-left block--only-content\" data-height=\"4\" data-width=\"12\" data-row=\"6\" data-col=\"1\"><div class=\"grid-item-content text-content rex-flexbox\" ><div class=\"rex-custom-scrollbar rex-custom-position\"><div class=\"text-wrap rex-content-resizable\" style=\"padding-top:15px;padding-right:30px;padding-bottom:15px;padding-left:30px;\">\n<p>Terytorium obejmuje wszak\u017ce pochodzenie, histori\u0119, tradycj\u0119, a nasz\u0105 \u201emisj\u0105\u201d jest wyeksponowanie indywidualnych cech ka\u017cdego wina oraz poszukiwanie i ho\u0142dowanie Typowo\u015bci, czyli unikalnej to\u017csamo\u015bci, kt\u00f3r\u0105 poszczeg\u00f3lne winoro\u015ble zawdzi\u0119czaj\u0105 lokalnym ziemiom.<\/p>\n<\/div><\/div><\/div><\/div><\/div><\/div><\/div><\/section>\n","protected":false},"excerpt":{"rendered":"","protected":false},"author":8,"featured_media":2583,"parent":0,"menu_order":1,"comment_status":"closed","ping_status":"closed","template":"page-templates\/page-builder.php","meta":{"advanced_seo_description":"","jetpack_seo_html_title":"","jetpack_seo_noindex":false,"footnotes":""},"jetpack_sharing_enabled":true,"_links":{"self":[{"href":"https:\/\/www.murola.it\/pl\/wp-json\/wp\/v2\/pages\/3838"}],"collection":[{"href":"https:\/\/www.murola.it\/pl\/wp-json\/wp\/v2\/pages"}],"about":[{"href":"https:\/\/www.murola.it\/pl\/wp-json\/wp\/v2\/types\/page"}],"author":[{"embeddable":true,"href":"https:\/\/www.murola.it\/pl\/wp-json\/wp\/v2\/users\/8"}],"replies":[{"embeddable":true,"href":"https:\/\/www.murola.it\/pl\/wp-json\/wp\/v2\/comments?post=3838"}],"version-history":[{"count":5,"href":"https:\/\/www.murola.it\/pl\/wp-json\/wp\/v2\/pages\/3838\/revisions"}],"predecessor-version":[{"id":13139,"href":"https:\/\/www.murola.it\/pl\/wp-json\/wp\/v2\/pages\/3838\/revisions\/13139"}],"wp:featuredmedia":[{"embeddable":true,"href":"https:\/\/www.murola.it\/pl\/wp-json\/wp\/v2\/media\/2583"}],"wp:attachment":[{"href":"https:\/\/www.murola.it\/pl\/wp-json\/wp\/v2\/media?parent=3838"}],"curies":[{"name":"wp","href":"https:\/\/api.w.org\/{rel}","templated":true}]}}