{"id":3843,"date":"2020-02-25T13:01:53","date_gmt":"2020-02-25T12:01:53","guid":{"rendered":"https:\/\/www.murola.it\/?page_id=3843"},"modified":"2024-06-03T23:59:12","modified_gmt":"2024-06-03T21:59:12","slug":"rodzina","status":"publish","type":"page","link":"https:\/\/www.murola.it\/pl\/rodzina\/","title":{"rendered":"Rodzina"},"content":{"rendered":"<section class=\"rexpansive_section navigate-section\"><div class=\"full-disposition\"><div class=\"perfect-grid-gallery\" data-separator=\"20\" data-layout=\"fixed\" data-full-height=\"false\"><div class=\"perfect-grid-sizer\"><\/div><div id=\"block_0_0\" class=\"perfect-grid-item w4 rex-flex-bottom rex-flex-left active-small-block-overlay active-medium-block-overlay active-large-block-overlay block--only-image block-type--full\" data-height=\"4\" data-width=\"4\" data-row=\"1\" data-col=\"1\"><div class=\"grid-item-content text-content rex-flexbox\"  style=\"background-image:url('https:\/\/www.murola.it\/wp-content\/uploads\/2024\/06\/tenute_murola__50-1.JPG2_.jpg2_.jpg');\"><div class=\"responsive-block-overlay\" style=\"background-color:rgba(0, 0, 0, 0.3);\"><div class=\"rex-custom-scrollbar rex-custom-position\"><div class=\"text-wrap rex-content-resizable\" style=\"padding-top:5px;padding-right:5px;padding-bottom:20px;padding-left:20px;\">\n<h1>RODZINA<\/h1>\n<div class=\"p-border\" style=\"max-width:200px;border-left-color:#AE8914;border-left-width:3px;\">\n\t\t<p>\n\t\t<\/p>\n<h5>Historia naszej rodziny obejmuje odleg\u0142e miejsca, wieki, epoki oraz ca\u0142e pokolenia, kt\u00f3re dzi\u0119ki inspiracji wybitnych przodk\u00f3w, dzia\u0142a\u0142y \u2013 i dzia\u0142aj\u0105 do dzi\u015b \u2013 w duchu rodzinnych tradycji.<\/h5>\n<p>\t<\/p>\n<\/div>\n\n<\/div><\/div><\/div><\/div><\/div><div id=\"block_0_1\" class=\"perfect-grid-item real-empty w8 block--only-image\" data-height=\"4\" data-width=\"8\" data-row=\"1\" data-col=\"5\"><div class=\"grid-item-content empty-content real-empty\"><div class=\"rex-custom-scrollbar\"><\/div><\/div><\/div><\/div><\/div><\/section><section class=\"rexpansive_section mobile-no-full-height full-height-section navigate-section\" style=\"background-color:rgba(0,0,0,1);\"><div class=\"responsive-overlay\" style=\"background-color:rgba(0, 0, 0, 0);\"><div class=\"full-disposition\"><div class=\"perfect-grid-gallery\" data-separator=\"0\" data-layout=\"fixed\" data-full-height=\"true\" data-row-separator-top=\"0\"><div class=\"perfect-grid-sizer\"><\/div><div id=\"block_1_0\" class=\"perfect-grid-item only-background w12 rex-flex-middle rex-flex-center block--only-image block-type--full\" data-height=\"6\" data-width=\"12\" data-row=\"1\" data-col=\"1\"><div class=\"grid-item-content empty-content rex-flexbox\" style=\"background-image:url('https:\/\/www.murola.it\/wp-content\/uploads\/2017\/07\/famiglia-murola-4.jpg');\"><div class=\"rex-custom-scrollbar rex-custom-position\"><\/div><\/div><\/div><div id=\"block_1_1\" class=\"perfect-grid-item w12 line-title rex-flex-middle rex-flex-left block--only-content\" data-height=\"3\" data-width=\"12\" data-row=\"7\" data-col=\"1\"><div class=\"grid-item-content text-content rex-flexbox\" ><div class=\"rex-custom-scrollbar rex-custom-position\"><div class=\"text-wrap rex-content-resizable\" style=\"padding-top:15px;padding-right:30px;padding-bottom:15px;padding-left:30px;\">\n<h2>Rodzinna pasja przez wieki a\u017c do naszych czas\u00f3w<\/h2>\n<h4><span>Secoli XVII\/XVIII<\/span><\/h4>\n<p>W pierwszej po\u0142owie XVII wieku rodzina Sorbatti nabywa \u201eterrae vineatae\u201d, nale\u017c\u0105ce do Opactwa w Fiastra.<\/p>\n<\/div><\/div><\/div><\/div><\/div><\/div><\/div><\/section><section class=\"rexpansive_section photoswipe-gallery mobile-no-full-height tablet-no-full-height full-height-section navigate-section\" itemscope itemtype=\"http:\/\/schema.org\/ImageGallery\" style=\"background-color:rgba(0,0,0,1);\"><div class=\"responsive-overlay\" style=\"background-color:rgba(0, 0, 0, 0);\"><div class=\"full-disposition\"><div class=\"perfect-grid-gallery\" data-separator=\"0\" data-layout=\"fixed\" data-full-height=\"true\"><div class=\"perfect-grid-sizer\"><\/div><div id=\"block_2_7\" class=\"perfect-grid-item w3 rex-flex-middle rex-flex-center block--only-image block-type--natural\" data-height=\"4\" data-width=\"3\" data-row=\"1\" data-col=\"1\"><figure class=\"pswp-figure\" itemprop=\"associatedMedia\" itemscope itemtype=\"http:\/\/schema.org\/ImageObject\"><a class=\"pswp-item\" href=\"https:\/\/www.murola.it\/wp-content\/uploads\/2018\/01\/teodoro-bonati.jpg\" itemprop=\"contentUrl\" data-size=\"600x697\"><div class=\"pswp-item-thumb\" data-thumb-image-type=\"natural\" data-thumburl=\"https:\/\/www.murola.it\/wp-content\/uploads\/2018\/01\/teodoro-bonati.jpg\" itemprop=\"thumbnail\"><\/div><div class=\"grid-item-content empty-content rex-flexbox\" alt=\"teodoro bonati\" ><div class=\"rex-custom-scrollbar rex-custom-position\"><div class=\"natural-image-content rex-content-resizable\" style=\"padding-top:15px;padding-right:30px;padding-bottom:15px;padding-left:30px;\"><img loading=\"lazy\" decoding=\"async\" width=\"600\" height=\"697\" src=\"https:\/\/www.murola.it\/wp-content\/uploads\/2018\/01\/teodoro-bonati.jpg\" class=\"attachment-full size-full\" alt=\"teodoro bonati\" srcset=\"https:\/\/www.murola.it\/wp-content\/uploads\/2018\/01\/teodoro-bonati.jpg 600w, https:\/\/www.murola.it\/wp-content\/uploads\/2018\/01\/teodoro-bonati-258x300.jpg 258w, https:\/\/www.murola.it\/wp-content\/uploads\/2018\/01\/teodoro-bonati-17x20.jpg 17w\" sizes=\"(max-width: 600px) 100vw, 600px\" \/><\/div><\/div><\/div><\/a><figcaption class=\"pswp-item-caption\" itemprop=\"caption description\"><\/figcaption><\/figure><\/div><div id=\"block_2_2\" class=\"perfect-grid-item w9 line-title rex-flex-middle rex-flex-left block--only-content\" data-height=\"4\" data-width=\"9\" data-row=\"1\" data-col=\"4\"><div class=\"grid-item-content text-content rex-flexbox\" ><div class=\"rex-custom-scrollbar rex-custom-position\"><div class=\"text-wrap rex-content-resizable\" style=\"padding-top:15px;padding-right:30px;padding-bottom:15px;padding-left:30px;\">\n<h4><span>Secolo XIX<span><\/span><\/span><\/h4>\n<p>W XIX wieku konkurencja w postaci ameryka\u0144skiego zbo\u017ca prowadzi do kryzysu okolicznego rolnictwa. Ale nasza Rodzina, w odr\u00f3\u017cnieniu od innych w\u0142a\u015bcicieli, nie chce dzieli\u0107 swoich ziem. Wprost przeciwnie: zachowuje posiad\u0142o\u015b\u0107 w dawnych granicach i stawia na wykszta\u0142cenie najm\u0142odszego pokolenia. Jeden z naszych przodk\u00f3w pobiera nauki rolnicze, a pradziadek ko\u0144czy studia prawnicze i zostaje notariuszem.<\/p>\n<\/div><\/div><\/div><\/div><div id=\"block_2_6\" class=\"perfect-grid-item w7 line-title  rex-flex-middle rex-flex-left block--only-content\" data-height=\"4\" data-width=\"7\" data-row=\"5\" data-col=\"1\"><div class=\"grid-item-content text-content rex-flexbox\" ><div class=\"rex-custom-scrollbar rex-custom-position\"><div class=\"text-wrap rex-content-resizable\" style=\"padding-top:15px;padding-right:30px;padding-bottom:15px;padding-left:30px;\">\n<h4><span>Secolo XX<span><\/span><\/span><\/h4>\n<p>Dziadkowie, z babci\u0105 Cam\u00e0 na czele, pierwsz\u0105 kobiet\u0105 in\u017cynierem w regionie Marche, kt\u00f3rej imi\u0119 nosi jedno z naszych win, otwieraj\u0105 pracowni\u0119 projektow\u0105.<\/p>\n<p>Ich c\u00f3rka poznaje pewnego dnia Antka, polskiego oficera, kt\u00f3ry dotar\u0142 do Marche wraz z II Korpusem Polskim genera\u0142a Andersa,  po heroicznej bitwie pod Monte Cassino. Po kilku miesi\u0105cach decyduj\u0105 si\u0119 na \u015blub. Ich dzieci zakupuj\u0105 przyleg\u0142e tereny i powi\u0119kszaj\u0105 posiad\u0142o\u015b\u0107 do 350 hektar\u00f3w.<\/p>\n<\/div><\/div><\/div><\/div><div id=\"block_2_4\" class=\"perfect-grid-item w5 rex-flex-middle rex-flex-center block--only-image block-type--natural\" data-height=\"4\" data-width=\"5\" data-row=\"5\" data-col=\"8\"><figure class=\"pswp-figure\" itemprop=\"associatedMedia\" itemscope itemtype=\"http:\/\/schema.org\/ImageObject\"><a class=\"pswp-item\" href=\"https:\/\/www.murola.it\/wp-content\/uploads\/2017\/07\/famiglia-3.jpg\" itemprop=\"contentUrl\" data-size=\"1280x790\"><div class=\"pswp-item-thumb\" data-thumb-image-type=\"natural\" data-thumburl=\"https:\/\/www.murola.it\/wp-content\/uploads\/2017\/07\/famiglia-3.jpg\" itemprop=\"thumbnail\"><\/div><div class=\"grid-item-content empty-content rex-flexbox\"><div class=\"rex-custom-scrollbar rex-custom-position\"><div class=\"natural-image-content rex-content-resizable\" style=\"padding-top:15px;padding-right:30px;padding-bottom:15px;padding-left:30px;\"><img loading=\"lazy\" decoding=\"async\" width=\"1280\" height=\"790\" src=\"https:\/\/www.murola.it\/wp-content\/uploads\/2017\/07\/famiglia-3.jpg\" class=\"attachment-full size-full\" alt=\"\" srcset=\"https:\/\/www.murola.it\/wp-content\/uploads\/2017\/07\/famiglia-3.jpg 1280w, https:\/\/www.murola.it\/wp-content\/uploads\/2017\/07\/famiglia-3-300x185.jpg 300w, https:\/\/www.murola.it\/wp-content\/uploads\/2017\/07\/famiglia-3-768x474.jpg 768w, https:\/\/www.murola.it\/wp-content\/uploads\/2017\/07\/famiglia-3-1024x632.jpg 1024w, https:\/\/www.murola.it\/wp-content\/uploads\/2017\/07\/famiglia-3-20x12.jpg 20w\" sizes=\"(max-width: 1280px) 100vw, 1280px\" \/><\/div><\/div><\/div><\/a><figcaption class=\"pswp-item-caption\" itemprop=\"caption description\"><\/figcaption><\/figure><\/div><div id=\"block_2_3\" class=\"perfect-grid-item w12 line-title rex-flex-middle rex-flex-left block--only-content\" data-height=\"3\" data-width=\"12\" data-row=\"9\" data-col=\"1\"><div class=\"grid-item-content text-content rex-flexbox\" ><div class=\"rex-custom-scrollbar rex-custom-position\"><div class=\"text-wrap rex-content-resizable\" style=\"padding-top:15px;padding-right:30px;padding-bottom:15px;padding-left:30px;\">\n<h4><span>Anno 2000, Nuovo Millennio<\/span><\/h4>\n<p>Rodze\u0144stwo zaczyna patrze\u0107 na swoj\u0105 ziemi\u0119 innymi oczyma. Nie samym zbo\u017cem wszak \u017cyje cz\u0142owiek, a na szczeg\u00f3ln\u0105 uwag\u0119 zas\u0142uguj\u0105 te\u017c winoro\u015ble. Tak rodzi si\u0119 ich projekt: chc\u0105 przybli\u017cy\u0107 i rozpropagowa\u0107 sw\u0105 ukochan\u0105 ziemi\u0119, traktowan\u0105 jak najcenniejszy skarb przez kolejne pokolenia i da\u0107 jej nowe \u017cycie, otwieraj\u0105c rozdzia\u0142 zatytu\u0142owany WINO.<\/p>\n<\/div><\/div><\/div><\/div><\/div><\/div><\/div><\/section>\n","protected":false},"excerpt":{"rendered":"","protected":false},"author":8,"featured_media":2580,"parent":0,"menu_order":2,"comment_status":"closed","ping_status":"closed","template":"page-templates\/page-builder.php","meta":{"advanced_seo_description":"","jetpack_seo_html_title":"","jetpack_seo_noindex":false,"footnotes":""},"jetpack_sharing_enabled":true,"_links":{"self":[{"href":"https:\/\/www.murola.it\/pl\/wp-json\/wp\/v2\/pages\/3843"}],"collection":[{"href":"https:\/\/www.murola.it\/pl\/wp-json\/wp\/v2\/pages"}],"about":[{"href":"https:\/\/www.murola.it\/pl\/wp-json\/wp\/v2\/types\/page"}],"author":[{"embeddable":true,"href":"https:\/\/www.murola.it\/pl\/wp-json\/wp\/v2\/users\/8"}],"replies":[{"embeddable":true,"href":"https:\/\/www.murola.it\/pl\/wp-json\/wp\/v2\/comments?post=3843"}],"version-history":[{"count":4,"href":"https:\/\/www.murola.it\/pl\/wp-json\/wp\/v2\/pages\/3843\/revisions"}],"predecessor-version":[{"id":13137,"href":"https:\/\/www.murola.it\/pl\/wp-json\/wp\/v2\/pages\/3843\/revisions\/13137"}],"wp:featuredmedia":[{"embeddable":true,"href":"https:\/\/www.murola.it\/pl\/wp-json\/wp\/v2\/media\/2580"}],"wp:attachment":[{"href":"https:\/\/www.murola.it\/pl\/wp-json\/wp\/v2\/media?parent=3843"}],"curies":[{"name":"wp","href":"https:\/\/api.w.org\/{rel}","templated":true}]}}