{"id":3861,"date":"2020-02-26T11:00:28","date_gmt":"2020-02-26T10:00:28","guid":{"rendered":"https:\/\/www.murola.it\/?page_id=3861"},"modified":"2020-02-26T11:00:28","modified_gmt":"2020-02-26T10:00:28","slug":"plantacja","status":"publish","type":"page","link":"https:\/\/www.murola.it\/pl\/plantacja\/","title":{"rendered":"Plantacja"},"content":{"rendered":"<section class=\"rexpansive_section navigate-section\"><div class=\"full-disposition\"><div class=\"perfect-grid-gallery\" data-separator=\"0\" data-layout=\"fixed\" data-full-height=\"false\"><div class=\"perfect-grid-sizer\"><\/div><div id=\"block_0_0\" class=\"perfect-grid-item w4 rex-flex-bottom rex-flex-left active-small-block-overlay active-medium-block-overlay active-large-block-overlay block--only-image block-type--full\" data-height=\"4\" data-width=\"4\" data-row=\"1\" data-col=\"1\"><div class=\"grid-item-content text-content rex-flexbox\"  style=\"background-image:url('https:\/\/www.murola.it\/wp-content\/uploads\/2017\/06\/vigneti-6.jpg');\"><div class=\"responsive-block-overlay\" style=\"background-color:rgba(255, 255, 255, 0);\"><div class=\"rex-custom-scrollbar rex-custom-position\"><div class=\"text-wrap rex-content-resizable\" style=\"padding-top:5px;padding-right:5px;padding-bottom:20px;padding-left:40px;\">\n<h1><span style=\"color: #ffffff;\">Plantacja<span><\/span><\/span><\/h1>\n<div class=\"p-border\" style=\"max-width:200px;border-left-color:#AE8914;border-left-width:2px;\">\n\t\t<p>\n\t\t<\/p>\n<h5><span style=\"color: #ffffff;\">Ka\u017cda plantacja to pochodna rosn\u0105cych tam winoro\u015bli, terenu, na kt\u00f3rym jest osadzona, czynnik\u00f3w chemicznych i fizycznych. To \u201elaboratorium\u201d, w kt\u00f3rym woda i minera\u0142y, powietrze, s\u0142o\u0144ce i rosa wype\u0142niaj\u0105 grona piel\u0119gnowane r\u0119k\u0105 cz\u0142owieka.<\/span><\/h5>\n<p>\t<\/p>\n<\/div>\n\n<\/div><\/div><\/div><\/div><\/div><div id=\"block_0_1\" class=\"perfect-grid-item real-empty w8 block--only-image\" data-height=\"4\" data-width=\"8\" data-row=\"1\" data-col=\"5\"><div class=\"grid-item-content empty-content real-empty\"><div class=\"rex-custom-scrollbar\"><\/div><\/div><\/div><\/div><\/div><\/section><section class=\"rexpansive_section mobile-no-full-height full-height-section navigate-section\" style=\"background-color:rgba(0,0,0,1);\"><div class=\"responsive-overlay\" style=\"background-color:rgba(255, 255, 255, 0.5);\"><div class=\"full-disposition\"><div class=\"perfect-grid-gallery\" data-separator=\"0\" data-layout=\"fixed\" data-full-height=\"true\"><div class=\"perfect-grid-sizer\"><\/div><div id=\"block_1_0\" class=\"perfect-grid-item only-background w12 rex-flex-top rex-flex-center block--only-image block-type--full\" data-height=\"5\" data-width=\"12\" data-row=\"1\" data-col=\"1\"><div class=\"grid-item-content empty-content rex-flexbox\" style=\"background-image:url('https:\/\/www.murola.it\/wp-content\/uploads\/2017\/06\/vigneti-5.jpg');\"><div class=\"rex-custom-scrollbar rex-custom-position\"><\/div><\/div><\/div><div id=\"block_1_1\" class=\"perfect-grid-item w12 rex-flex-middle rex-flex-left block--only-content\" data-height=\"4\" data-width=\"12\" data-row=\"6\" data-col=\"1\"><div class=\"grid-item-content text-content rex-flexbox\"  style=\"background-color:rgba(0,0,0,1);\"><div class=\"rex-custom-scrollbar rex-custom-position\"><div class=\"text-wrap rex-content-resizable\" style=\"padding-top:15px;padding-right:30px;padding-bottom:15px;padding-left:30px;\">\n<h2>Ziemia i jej elementy<\/h2>\n<p>Szczepy autochtoniczne. Efekt uwa\u017cnej i metodycznej pracy, mi\u0142o\u015bci i rozwagi, czyli historii licz\u0105cej blisko 3000 lat.<\/p>\n<\/div><\/div><\/div><\/div><\/div><\/div><\/div><\/section><section href=\"#VignaGrazia\" id=\"VignaGrazia\" class=\"rexpansive_section mobile-no-full-height full-height-section navigate-section\" style=\"background-color:rgba(0,0,0,1);\"><div class=\"responsive-overlay\" style=\"background-color:rgba(255, 255, 255, 0.5);\"><div class=\"full-disposition\"><div class=\"perfect-grid-gallery\" data-separator=\"0\" data-layout=\"fixed\" data-full-height=\"true\"><div class=\"perfect-grid-sizer\"><\/div><div id=\"block_2_0\" class=\"perfect-grid-item only-background w12 rex-flex-middle rex-flex-center block--only-image block-type--full\" data-height=\"6\" data-width=\"12\" data-row=\"1\" data-col=\"1\"><div class=\"grid-item-content empty-content rex-flexbox\" style=\"background-image:url('https:\/\/www.murola.it\/wp-content\/uploads\/2017\/06\/vigna-grazia.jpg');\"><div class=\"rex-custom-scrollbar rex-custom-position\"><\/div><\/div><\/div><div id=\"block_2_1\" class=\"perfect-grid-item w6 rex-flex-middle rex-flex-left block--only-content\" data-height=\"4\" data-width=\"6\" data-row=\"7\" data-col=\"1\"><div class=\"grid-item-content text-content rex-flexbox\"  style=\"background-color:rgba(255,255,255,0);\"><div class=\"rex-custom-scrollbar rex-custom-position\"><div class=\"text-wrap rex-content-resizable\" style=\"padding-top:15px;padding-right:30px;padding-bottom:15px;padding-left:30px;\">\n<h2>Vigna Grazia<\/h2>\n<hr \/>\n<p>Plantacja zosta\u0142a ochrzczona imieniem drogiej nam wszystkim antenatki, kt\u00f3ra jako jedna z pierwszych zakocha\u0142a si\u0119 w okolicznych ziemiach i pozosta\u0142a im do ko\u0144ca wierna.<\/p>\n<\/div><\/div><\/div><\/div><div id=\"block_2_2\" class=\"perfect-grid-item w6 rex-flex-middle rex-flex-left block--only-content\" data-height=\"4\" data-width=\"6\" data-row=\"7\" data-col=\"7\"><div class=\"grid-item-content text-content rex-flexbox\" ><div class=\"rex-custom-scrollbar rex-custom-position\"><div class=\"text-wrap rex-content-resizable\" style=\"padding-top:15px;padding-right:30px;padding-bottom:15px;padding-left:30px;\">\n<p><strong>Uprawiane szczepy<\/strong>: Sangiovese, Merlot<br \/>\n<strong>Rodzaj gleby<\/strong>: Bardzo g\u0142\u0119boko osadzone, gliniasto-ilaste<br \/>\n<strong>Wystawa stok\u00f3w<\/strong>: po\u0142udniowa, po\u0142udniowo-wschodnia<br \/>\n<strong>Wysoko\u015b\u0107<\/strong>: 250 m nad poziomem morza<br \/>\n<strong>Rok obsadzenia<\/strong>: 2001<br \/>\n<strong>Odleg\u0142o\u015b\u0107 mi\u0119dzy sadzonkami<\/strong>: 2,4 m mi\u0119dzy rz\u0119dami; 0,72 m w rz\u0119dzie<br \/>\n<strong>G\u0119sto\u015b\u0107 nasadze\u0144<\/strong>: 5780 krzak\u00f3w\/ha<br \/>\n<strong>Metoda prowadzenia<\/strong>: Cordone speronato (sznur sko\u015bny); Guyot<br \/>\n<strong>Produzione<\/strong>: 60\/90 q\/ha<\/p>\n<\/div><\/div><\/div><\/div><\/div><\/div><\/div><\/section><section href=\"#VignaMonte\" id=\"VignaMonte\" class=\"rexpansive_section mobile-no-full-height full-height-section navigate-section\" style=\"background-color:rgba(0,0,0,1);\"><div class=\"responsive-overlay\" style=\"background-color:rgba(255, 255, 255, 0.5);\"><div class=\"full-disposition\"><div class=\"perfect-grid-gallery\" data-separator=\"0\" data-layout=\"fixed\" data-full-height=\"true\"><div class=\"perfect-grid-sizer\"><\/div><div id=\"block_3_0\" class=\"perfect-grid-item only-background w12 rex-flex-middle rex-flex-center block--only-image block-type--full\" data-height=\"6\" data-width=\"12\" data-row=\"1\" data-col=\"1\"><div class=\"grid-item-content empty-content rex-flexbox\" style=\"background-image:url('https:\/\/www.murola.it\/wp-content\/uploads\/2017\/06\/vigna-monte.jpg');\"><div class=\"rex-custom-scrollbar rex-custom-position\"><\/div><\/div><\/div><div id=\"block_3_1\" class=\"perfect-grid-item w6 rex-flex-middle rex-flex-left block--only-content\" data-height=\"4\" data-width=\"6\" data-row=\"7\" data-col=\"1\"><div class=\"grid-item-content text-content rex-flexbox\"  style=\"background-color:rgba(255,255,255,0);\"><div class=\"rex-custom-scrollbar rex-custom-position\"><div class=\"text-wrap rex-content-resizable\" style=\"padding-top:15px;padding-right:30px;padding-bottom:15px;padding-left:30px;\">\n<h2>Vigna Monte<\/h2>\n<hr \/>\n<p>Plantacja rozci\u0105ga si\u0119 na \u0142agodnych zboczach okalaj\u0105cych Winnic\u0119. Rz\u0119dy krzew\u00f3w, ustawione jak do ta\u0144ca, rozchodz\u0105 si\u0119 w r\u00f3\u017cnych kierunkach, od wschodu po po\u0142udniowy zach\u00f3d.<\/p>\n<\/div><\/div><\/div><\/div><div id=\"block_3_2\" class=\"perfect-grid-item w6 rex-flex-middle rex-flex-left block--only-content\" data-height=\"4\" data-width=\"6\" data-row=\"7\" data-col=\"7\"><div class=\"grid-item-content text-content rex-flexbox\" ><div class=\"rex-custom-scrollbar rex-custom-position\"><div class=\"text-wrap rex-content-resizable\" style=\"padding-top:15px;padding-right:30px;padding-bottom:15px;padding-left:30px;\">\n<p><strong>Uprawiane szczepy<\/strong>: Sangiovese, Montepulciano, Trebbiano<br \/>\n<strong>Rodzaj gleby<\/strong>: Bardzo g\u0142\u0119boko osadzone, gliniasto-ilaste<br \/>\n<strong>Wystawa stok\u00f3w<\/strong>: od wschodu po po\u0142udniowy zach\u00f3d<br \/>\n<strong>Wysoko\u015b\u0107<\/strong>: 230 m nad poziomem morza<br \/>\n<strong>Rok obsadzenia<\/strong>: 2007<br \/>\n<strong>Odleg\u0142o\u015b\u0107 mi\u0119dzy sadzonkami<\/strong>: 2,4 m mi\u0119dzy rz\u0119dami; 0,80 m w rz\u0119dzie<br \/>\n<strong>G\u0119sto\u015b\u0107 nasadze\u0144<\/strong>: 5200 krzak\u00f3w\/ha<br \/>\n<strong>Metoda prowadzenia<\/strong>: Cordone speronato (sznur sko\u015bny); Guyot<br \/>\n<strong>Produzione<\/strong>: 60\/90 q\/ha \u2013 wina czerwone, 80\/110 q\/ha \u2013 wina bia\u0142e<\/p>\n<\/div><\/div><\/div><\/div><\/div><\/div><\/div><\/section><section href=\"#VignaLevante\" id=\"VignaLevante\" class=\"rexpansive_section mobile-no-full-height full-height-section navigate-section\" style=\"background-color:rgba(0,0,0,1);\"><div class=\"responsive-overlay\" style=\"background-color:rgba(255, 255, 255, 0.5);\"><div class=\"full-disposition\"><div class=\"perfect-grid-gallery\" data-separator=\"0\" data-layout=\"fixed\" data-full-height=\"true\"><div class=\"perfect-grid-sizer\"><\/div><div id=\"block_4_0\" class=\"perfect-grid-item only-background w12 block--only-image block-type--full\" data-height=\"6\" data-width=\"12\" data-row=\"1\" data-col=\"1\"><div class=\"grid-item-content empty-content\" style=\"background-image:url('https:\/\/www.murola.it\/wp-content\/uploads\/2017\/06\/vigna-levante.jpg');\" alt=\"vigna levantr\" ><div class=\"rex-custom-scrollbar\"><\/div><\/div><\/div><div id=\"block_4_1\" class=\"perfect-grid-item w6 rex-flex-middle rex-flex-left block--only-content\" data-height=\"4\" data-width=\"6\" data-row=\"7\" data-col=\"1\"><div class=\"grid-item-content text-content rex-flexbox\"  style=\"background-color:rgba(255,255,255,0);\"><div class=\"rex-custom-scrollbar rex-custom-position\"><div class=\"text-wrap rex-content-resizable\" style=\"padding-top:15px;padding-right:30px;padding-bottom:15px;padding-left:30px;\">\n<h2>Vigna Levante<\/h2>\n<hr \/>\n<p>Wysuni\u0119ta na wsch\u00f3d plantacja jest muskana promieniami s\u0142o\u0144ca i \u0142agodn\u0105 bryz\u0105 znad Adriatyku.<\/p>\n<\/div><\/div><\/div><\/div><div id=\"block_4_2\" class=\"perfect-grid-item w6 rex-flex-middle rex-flex-left block--only-content\" data-height=\"4\" data-width=\"6\" data-row=\"7\" data-col=\"7\"><div class=\"grid-item-content text-content rex-flexbox\" ><div class=\"rex-custom-scrollbar rex-custom-position\"><div class=\"text-wrap rex-content-resizable\" style=\"padding-top:15px;padding-right:30px;padding-bottom:15px;padding-left:30px;\">\n<p><strong>Uprawiane szczepy<\/strong>: Ribona, Sangiovese, Montepulciano, Merlot<br \/>\n<strong>Rodzaj gleby<\/strong>: Bardzo g\u0142\u0119boko osadzone, gliniasto-ilaste<br \/>\n<strong>Wystawa stok\u00f3w<\/strong>: wschodnia<br \/>\n<strong>Wysoko\u015b\u0107<\/strong>: 230 m nad poziomem morza<br \/>\n<strong>Rok obsadzenia<\/strong>: 2006<br \/>\n<strong>Odleg\u0142o\u015b\u0107 mi\u0119dzy sadzonkami<\/strong>: 2,4 m mi\u0119dzy rz\u0119dami; 0,80 m w rz\u0119dzie<br \/>\n<strong>G\u0119sto\u015b\u0107 nasadze\u0144<\/strong>: 5200 krzak\u00f3w\/ha<br \/>\n<strong>Metoda prowadzenia<\/strong>: Cordone speronato (sznur sko\u015bny); Guyot<br \/>\n<strong>Produzione<\/strong>: 60\/90 q\/ha \u2013 wina czerwone; 80\/110 q\/ha \u2013 wina bia\u0142e<\/p>\n<\/div><\/div><\/div><\/div><\/div><\/div><\/div><\/section><section href=\"#VignaLeFonti\" id=\"VignaLeFonti\" class=\"rexpansive_section mobile-no-full-height full-height-section navigate-section\" style=\"background-color:rgba(0,0,0,1);\"><div class=\"responsive-overlay\" style=\"background-color:rgba(255, 255, 255, 0.5);\"><div class=\"full-disposition\"><div class=\"perfect-grid-gallery\" data-separator=\"0\" data-layout=\"fixed\" data-full-height=\"true\"><div class=\"perfect-grid-sizer\"><\/div><div id=\"block_5_0\" class=\"perfect-grid-item only-background w12 block--only-image block-type--full\" data-height=\"6\" data-width=\"12\" data-row=\"1\" data-col=\"1\"><div class=\"grid-item-content empty-content\" style=\"background-image:url('https:\/\/www.murola.it\/wp-content\/uploads\/2017\/06\/vigna-le-fonti.jpg');\" alt=\"vigna le fonti\" ><div class=\"rex-custom-scrollbar\"><\/div><\/div><\/div><div id=\"block_5_1\" class=\"perfect-grid-item w6 rex-flex-middle rex-flex-left block--only-content\" data-height=\"4\" data-width=\"6\" data-row=\"7\" data-col=\"1\"><div class=\"grid-item-content text-content rex-flexbox\"  style=\"background-color:rgba(255,255,255,0);\"><div class=\"rex-custom-scrollbar rex-custom-position\"><div class=\"text-wrap rex-content-resizable\" style=\"padding-top:15px;padding-right:30px;padding-bottom:15px;padding-left:30px;\">\n<h2>Vigna Le Fonti<\/h2>\n<hr \/>\n<p>U podn\u00f3\u017cy plantacji znajduj\u0105 si\u0119 \u017ar\u00f3d\u0142a termalne, kt\u00f3rych okres \u015bwietno\u015bci przypada\u0142 na czasy staro\u017cytnego Rzymu. Obecnie nieu\u017cytkowane, poros\u0142e bujn\u0105 ro\u015blinno\u015bci\u0105 i paprociami wychylaj\u0105cymi si\u0119 zza zau\u0142k\u00f3w i szczelin.<\/p>\n<\/div><\/div><\/div><\/div><div id=\"block_5_2\" class=\"perfect-grid-item w6 rex-flex-middle rex-flex-left block--only-content\" data-height=\"4\" data-width=\"6\" data-row=\"7\" data-col=\"7\"><div class=\"grid-item-content text-content rex-flexbox\" ><div class=\"rex-custom-scrollbar rex-custom-position\"><div class=\"text-wrap rex-content-resizable\" style=\"padding-top:15px;padding-right:30px;padding-bottom:15px;padding-left:30px;\">\n<p><strong>Uprawiane szczepy<\/strong>: Ribona<br \/>\n<strong>Rodzaj gleby<\/strong>: Bardzo g\u0142\u0119boko osadzone, gliniasto-ilaste<br \/>\n<strong>Wystawa stok\u00f3w<\/strong>: wschodnia<br \/>\n<strong>Wysoko\u015b\u0107<\/strong>: 240 m nad poziomem morza<br \/>\n<strong>Rok obsadzenia<\/strong>: 2006<br \/>\n<strong>Odleg\u0142o\u015b\u0107 mi\u0119dzy sadzonkami<\/strong>: 2,4 m mi\u0119dzy rz\u0119dami; 0,80 m w rz\u0119dzie<br \/>\n<strong>G\u0119sto\u015b\u0107 nasadze\u0144<\/strong>: 5200 krzak\u00f3w\/ha<br \/>\n<strong>Metoda prowadzenia<\/strong>: Guyot<br \/>\n<strong>Produzione<\/strong>: 80\/110 q\/ha<\/p>\n<\/div><\/div><\/div><\/div><\/div><\/div><\/div><\/section><section href=\"#VignaMiracolo\" id=\"VignaMiracolo\" class=\"rexpansive_section mobile-no-full-height full-height-section navigate-section\" style=\"background-color:rgba(0,0,0,1);\"><div class=\"responsive-overlay\" style=\"background-color:rgba(255, 255, 255, 0.5);\"><div class=\"full-disposition\"><div class=\"perfect-grid-gallery\" data-separator=\"0\" data-layout=\"fixed\" data-full-height=\"true\"><div class=\"perfect-grid-sizer\"><\/div><div id=\"block_6_0\" class=\"perfect-grid-item only-background w12 block--only-image block-type--full\" data-height=\"6\" data-width=\"12\" data-row=\"1\" data-col=\"1\"><div class=\"grid-item-content empty-content\" style=\"background-image:url('https:\/\/www.murola.it\/wp-content\/uploads\/2017\/06\/vigna-miracolo.jpg');\" alt=\"vigna miracolo\" ><div class=\"rex-custom-scrollbar\"><\/div><\/div><\/div><div id=\"block_6_1\" class=\"perfect-grid-item w6 rex-flex-middle rex-flex-left block--only-content\" data-height=\"4\" data-width=\"6\" data-row=\"7\" data-col=\"1\"><div class=\"grid-item-content text-content rex-flexbox\"  style=\"background-color:rgba(255,255,255,0);\"><div class=\"rex-custom-scrollbar rex-custom-position\"><div class=\"text-wrap rex-content-resizable\" style=\"padding-top:15px;padding-right:30px;padding-bottom:15px;padding-left:30px;\">\n<h2>Vigna Miracolo<\/h2>\n<hr \/>\n<p>Nazwa plantacji wywodzi si\u0119 od przydomka lokalnego dzier\u017cawcy, kt\u00f3ry na pocz\u0105tku ubieg\u0142ego stulecia uprawia\u0142 te pola. Plantacja przeznaczona pod czerwone wina korzysta z dobrodziejstw i \u201ecudu\u201d po\u0142udniowej wystawy \u0142agodnych stok\u00f3w.<\/p>\n<\/div><\/div><\/div><\/div><div id=\"block_6_2\" class=\"perfect-grid-item w6 rex-flex-middle rex-flex-left block--only-content\" data-height=\"4\" data-width=\"6\" data-row=\"7\" data-col=\"7\"><div class=\"grid-item-content text-content rex-flexbox\" ><div class=\"rex-custom-scrollbar rex-custom-position\"><div class=\"text-wrap rex-content-resizable\" style=\"padding-top:15px;padding-right:30px;padding-bottom:15px;padding-left:30px;\">\n<p><strong>Uprawiane szczepy<\/strong>: Montepulciano i Sangiovese<br \/>\n<strong>Rodzaj gleby<\/strong>: Bardzo g\u0142\u0119boko osadzone, gliniasto-ilaste<br \/>\n<strong>Wystawa stok\u00f3w<\/strong>: po\u0142udniowa<br \/>\n<strong>Wysoko\u015b\u0107<\/strong>: 240 m nad poziomem morza<br \/>\n<strong>Rok obsadzenia<\/strong>: 2006<br \/>\n<strong>Odleg\u0142o\u015b\u0107 mi\u0119dzy sadzonkami<\/strong>: 2,4 m mi\u0119dzy rz\u0119dami; 0,80 m w rz\u0119dzie<br \/>\n<strong>G\u0119sto\u015b\u0107 nasadze\u0144<\/strong>: 5200 krzak\u00f3w\/ha<br \/>\n<strong>Metoda prowadzenia<\/strong>: Cordone speronato (sznur sko\u015bny)<br \/>\n<strong>Produzione<\/strong>: 80\/110 q\/ha \u2013 wina czerwone<\/p>\n<\/div><\/div><\/div><\/div><\/div><\/div><\/div><\/section><section href=\"#VignaVara\" id=\"VignaVara\" class=\"rexpansive_section mobile-no-full-height full-height-section navigate-section\" style=\"background-color:rgba(0,0,0,1);\"><div class=\"responsive-overlay\" style=\"background-color:rgba(255, 255, 255, 0.5);\"><div class=\"full-disposition\"><div class=\"perfect-grid-gallery\" data-separator=\"0\" data-layout=\"fixed\" data-full-height=\"true\"><div class=\"perfect-grid-sizer\"><\/div><div id=\"block_7_0\" class=\"perfect-grid-item only-background w12 block--only-image block-type--full\" data-height=\"6\" data-width=\"12\" data-row=\"1\" data-col=\"1\"><div class=\"grid-item-content empty-content\" style=\"background-image:url('https:\/\/www.murola.it\/wp-content\/uploads\/2017\/06\/vigna-vara.jpg');\" alt=\"vigna var\u00e0\" ><div class=\"rex-custom-scrollbar\"><\/div><\/div><\/div><div id=\"block_7_1\" class=\"perfect-grid-item w6 rex-flex-middle rex-flex-left block--only-content\" data-height=\"4\" data-width=\"6\" data-row=\"7\" data-col=\"1\"><div class=\"grid-item-content text-content rex-flexbox\"  style=\"background-color:rgba(255,255,255,0);\"><div class=\"rex-custom-scrollbar rex-custom-position\"><div class=\"text-wrap rex-content-resizable\" style=\"padding-top:15px;padding-right:30px;padding-bottom:15px;padding-left:30px;\">\n<h2>Vigna Var\u00e0<\/h2>\n<hr \/>\n<p>Nazwa plantacji wywodzi si\u0119 od przezwiska lokalnego dzier\u017cawcy ziem. Przydomek, okre\u015blaj\u0105cy konkretn\u0105 cech\u0119 nosiciela, zosta\u0142 przekazany kolejnym pokoleniom, niemal jak w dynastii. Dzier\u017cawca uwielbia\u0142 przebywa\u0107 na s\u0142o\u0144cu, niczym wiecznie zmarzni\u0119ty waran. S\u0142oneczne promienie kochaj\u0105 r\u00f3wnie\u017c lokalne winoro\u015ble, kt\u00f3rych rz\u0119dy twarz\u0105 istny amfiteatr.<\/p>\n<\/div><\/div><\/div><\/div><div id=\"block_7_2\" class=\"perfect-grid-item w6 rex-flex-middle rex-flex-left block--only-content\" data-height=\"4\" data-width=\"6\" data-row=\"7\" data-col=\"7\"><div class=\"grid-item-content text-content rex-flexbox\"  style=\"background-color:rgba(255,255,255,0);\"><div class=\"rex-custom-scrollbar rex-custom-position\"><div class=\"text-wrap rex-content-resizable\" style=\"padding-top:15px;padding-right:30px;padding-bottom:15px;padding-left:30px;\">\n<p><strong>Uprawiane szczepy<\/strong>: Sangiovese i Merlot<br \/>\n<strong>Rodzaj gleby<\/strong>: Bardzo g\u0142\u0119boko osadzone, gliniasto-ilaste<br \/>\n<strong>Wystawa stok\u00f3w<\/strong>: po\u0142udniowo-wschodnia<br \/>\n<strong>Wysoko\u015b\u0107<\/strong>: 240 m nad poziomem morza<br \/>\n<strong>Rok obsadzenia<\/strong>: 2006<br \/>\n<strong>Odleg\u0142o\u015b\u0107 mi\u0119dzy sadzonkami<\/strong>: 2,4 m mi\u0119dzy rz\u0119dami; 0,80 m w rz\u0119dzie<br \/>\n<strong>G\u0119sto\u015b\u0107 nasadze\u0144<\/strong>: 5200 krzak\u00f3w\/ha<br \/>\n<strong>Metoda prowadzenia<\/strong>: Cordone speronato (sznur sko\u015bny)<br \/>\n<strong>Produzione<\/strong>: 80\/110 q\/ha<\/p>\n<\/div><\/div><\/div><\/div><\/div><\/div><\/div><\/section><section href=\"#VignaVore\" id=\"VignaVore\" class=\"rexpansive_section mobile-no-full-height full-height-section navigate-section\" style=\"background-color:rgba(0,0,0,1);\"><div class=\"responsive-overlay\" style=\"background-color:rgba(255, 255, 255, 0.5);\"><div class=\"full-disposition\"><div class=\"perfect-grid-gallery\" data-separator=\"0\" data-layout=\"fixed\" data-full-height=\"true\"><div class=\"perfect-grid-sizer\"><\/div><div id=\"block_8_0\" class=\"perfect-grid-item only-background w12 block--only-image block-type--full\" data-height=\"6\" data-width=\"12\" data-row=\"1\" data-col=\"1\"><div class=\"grid-item-content empty-content\" style=\"background-image:url('https:\/\/www.murola.it\/wp-content\/uploads\/2017\/06\/vigna-vore-2.jpg');\"><div class=\"rex-custom-scrollbar\"><\/div><\/div><\/div><div id=\"block_8_1\" class=\"perfect-grid-item w6 rex-flex-middle rex-flex-left block--only-content\" data-height=\"4\" data-width=\"6\" data-row=\"7\" data-col=\"1\"><div class=\"grid-item-content text-content rex-flexbox\"  style=\"background-color:rgba(255,255,255,0);\"><div class=\"rex-custom-scrollbar rex-custom-position\"><div class=\"text-wrap rex-content-resizable\" style=\"padding-top:15px;padding-right:30px;padding-bottom:15px;padding-left:30px;\">\n<h2>Vigna Vore<\/h2>\n<hr \/>\n<p>Plantacja wysuni\u0119ta na p\u00f3\u0142noc, jak wskazuje nazwa, kt\u00f3r\u0105 od dawna okre\u015bla si\u0119 okoliczne tereny. Ale na tej szeroko\u015bci geograficznej \u201eVora\u201d, czyli \u201eBora\u201d to synonim \u015bwie\u017cego powiewu, a nie ostrego wiatru.<\/p>\n<\/div><\/div><\/div><\/div><div id=\"block_8_2\" class=\"perfect-grid-item w6 rex-flex-middle rex-flex-left block--only-content\" data-height=\"4\" data-width=\"6\" data-row=\"7\" data-col=\"7\"><div class=\"grid-item-content text-content rex-flexbox\"  style=\"background-color:rgba(255,255,255,0);\"><div class=\"rex-custom-scrollbar rex-custom-position\"><div class=\"text-wrap rex-content-resizable\" style=\"padding-top:15px;padding-right:30px;padding-bottom:15px;padding-left:30px;\">\n<p><strong>Uprawiane szczepy<\/strong>: Ribona, Passerina i nasz eksperymentalny szczep<br \/>\n<strong>Rodzaj gleby<\/strong>: Bardzo g\u0142\u0119boko osadzone, gliniasto-ilaste<br \/>\n<strong>Wystawa stok\u00f3w<\/strong>: p\u00f3\u0142nocna<br \/>\n<strong>Wysoko\u015b\u0107<\/strong>: 240 m nad poziomem morza<br \/>\n<strong>Rok obsadzenia<\/strong>: 2006<br \/>\n<strong>Odleg\u0142o\u015b\u0107 mi\u0119dzy sadzonkami<\/strong>: 2,4 m mi\u0119dzy rz\u0119dami; 0,80 m w rz\u0119dzie<br \/>\n<strong>G\u0119sto\u015b\u0107 nasadze\u0144<\/strong>: 5200 krzak\u00f3w\/ha<br \/>\n<strong>Metoda prowadzenia<\/strong>: Cordone speronato (sznur sko\u015bny)<br \/>\n<strong>Produzione<\/strong>: 80\/110 q\/ha<\/p>\n<\/div><\/div><\/div><\/div><\/div><\/div><\/div><\/section>\n","protected":false},"excerpt":{"rendered":"","protected":false},"author":8,"featured_media":2588,"parent":0,"menu_order":4,"comment_status":"closed","ping_status":"closed","template":"page-templates\/page-builder.php","meta":{"advanced_seo_description":"","jetpack_seo_html_title":"","jetpack_seo_noindex":false,"footnotes":""},"jetpack_sharing_enabled":true,"_links":{"self":[{"href":"https:\/\/www.murola.it\/pl\/wp-json\/wp\/v2\/pages\/3861"}],"collection":[{"href":"https:\/\/www.murola.it\/pl\/wp-json\/wp\/v2\/pages"}],"about":[{"href":"https:\/\/www.murola.it\/pl\/wp-json\/wp\/v2\/types\/page"}],"author":[{"embeddable":true,"href":"https:\/\/www.murola.it\/pl\/wp-json\/wp\/v2\/users\/8"}],"replies":[{"embeddable":true,"href":"https:\/\/www.murola.it\/pl\/wp-json\/wp\/v2\/comments?post=3861"}],"version-history":[{"count":2,"href":"https:\/\/www.murola.it\/pl\/wp-json\/wp\/v2\/pages\/3861\/revisions"}],"predecessor-version":[{"id":3863,"href":"https:\/\/www.murola.it\/pl\/wp-json\/wp\/v2\/pages\/3861\/revisions\/3863"}],"wp:featuredmedia":[{"embeddable":true,"href":"https:\/\/www.murola.it\/pl\/wp-json\/wp\/v2\/media\/2588"}],"wp:attachment":[{"href":"https:\/\/www.murola.it\/pl\/wp-json\/wp\/v2\/media?parent=3861"}],"curies":[{"name":"wp","href":"https:\/\/api.w.org\/{rel}","templated":true}]}}