{"id":3864,"date":"2017-06-14T12:05:03","date_gmt":"2017-06-14T10:05:03","guid":{"rendered":"https:\/\/www.murola.it\/?page_id=3864"},"modified":"2020-11-02T08:10:45","modified_gmt":"2020-11-02T07:10:45","slug":"nasze-wina","status":"publish","type":"page","link":"https:\/\/www.murola.it\/pl\/nasze-wina\/","title":{"rendered":"Wina"},"content":{"rendered":"<section class=\"rexpansive_section navigate-section\"><div class=\"full-disposition\"><div class=\"perfect-grid-gallery\" data-separator=\"20\" data-layout=\"fixed\" data-full-height=\"false\"><div class=\"perfect-grid-sizer\"><\/div><div id=\"block_0_0\" class=\"perfect-grid-item w4 rex-flex-bottom rex-flex-left active-small-block-overlay active-medium-block-overlay active-large-block-overlay block--only-image block-type--full\" data-height=\"4\" data-width=\"4\" data-row=\"1\" data-col=\"1\"><div class=\"grid-item-content text-content rex-flexbox\"  style=\"background-image:url('https:\/\/www.murola.it\/wp-content\/uploads\/2017\/06\/vini-1.jpg');\"><div class=\"responsive-block-overlay\" style=\"background-color:rgba(0, 0, 0, 0.4);\"><div class=\"rex-custom-scrollbar rex-custom-position\"><div class=\"text-wrap rex-content-resizable\" style=\"padding-top:5px;padding-right:5px;padding-bottom:20px;padding-left:20px;\">\n<h1>Wina<\/h1>\n<div class=\"p-border\" style=\"max-width:200px;border-left-color:#AE8914;border-left-width:3px;\">\n\t\t<p>\n\t\t<\/p>\n<h5>Powsta\u0142y, by opowiedzie\u0107 o historii miejsca, z kt\u00f3rego si\u0119 wywodz\u0105 oraz o trosce i mi\u0142osci, kt\u00f3r\u0105 je otaczamy. Nadane im nazwy maj\u0105 przypomina\u0107 o bliskich nam cz\u0142onkach naszej rodziny oraz zas\u0142u\u017conych mieszka\u0144cach rejonu<\/h5>\n<p>\t<\/p>\n<\/div>\n\n<\/div><\/div><\/div><\/div><\/div><div id=\"block_0_1\" class=\"perfect-grid-item real-empty only-background w8 block--only-image\" data-height=\"4\" data-width=\"8\" data-row=\"1\" data-col=\"5\"><div class=\"grid-item-content empty-content real-empty\"><div class=\"rex-custom-scrollbar\"><\/div><\/div><\/div><\/div><\/div><\/section><section class=\"rexpansive_section navigate-section\"><div class=\"full-disposition\"><div class=\"perfect-grid-gallery\" data-separator=\"20\" data-layout=\"fixed\" data-full-height=\"false\"><div class=\"perfect-grid-sizer\"><\/div><div id=\"blockportfolio_3870\" class=\"perfect-grid-item w3 block--only-image block-type--full\" data-height=\"4\" data-width=\"3\" data-row=\"1\" data-col=\"1\"><a class=\"element-link hovered\" href=\"https:\/\/www.murola.it\/pl\/wina\/jurek-brut-metodo-classico\/\" title=\"https:\/\/www.murola.it\/pl\/wina\/jurek-brut-metodo-classico\/\"><div class=\"grid-item-content text-content\"  style=\"background-image:url('https:\/\/www.murola.it\/wp-content\/uploads\/2017\/06\/spumante-brut-yurek-2.jpg');\" alt=\"spumante brut yurek\" ><div class=\"rex-custom-scrollbar\"><div class=\"text-wrap rex-content-resizable\" style=\"padding-top:5px;padding-right:5px;padding-bottom:5px;padding-left:5px;\">\n<h3>Jurek \u2013 Brut Metodo Classico<\/h3>\n<\/div><\/div><\/div><\/a><\/div><div id=\"blockportfolio_3871\" class=\"perfect-grid-item w3 block--only-image block-type--full\" data-height=\"4\" data-width=\"3\" data-row=\"1\" data-col=\"4\"><a class=\"element-link hovered\" href=\"https:\/\/www.murola.it\/pl\/wina\/giulia-morichelli-daltemps-igt-bianco-marche\/\" title=\"https:\/\/www.murola.it\/pl\/wina\/giulia-morichelli-daltemps-igt-bianco-marche\/\"><div class=\"grid-item-content text-content\"  style=\"background-image:url('https:\/\/www.murola.it\/wp-content\/uploads\/2018\/01\/vino-giulia-morichelli-altemps-new2.jpg');\" alt=\"vino giulia morichelli d&#039;altemps\" ><div class=\"rex-custom-scrollbar\"><div class=\"text-wrap rex-content-resizable\">\n<h3>Giulia Morichelli D\u2019Altemps \u2013 IGT Bianco Marche<\/h3>\n<\/div><\/div><\/div><\/a><\/div><div id=\"blockportfolio_3873\" class=\"perfect-grid-item w3 block--only-image block-type--full\" data-height=\"4\" data-width=\"3\" data-row=\"1\" data-col=\"7\"><a class=\"element-link hovered\" href=\"https:\/\/www.murola.it\/pl\/wina\/brunforte-igt-rosso-marche\/\" title=\"https:\/\/www.murola.it\/pl\/wina\/brunforte-igt-rosso-marche\/\"><div class=\"grid-item-content text-content\"  style=\"background-image:url('https:\/\/www.murola.it\/wp-content\/uploads\/2018\/01\/vino-brunforte.jpg');\"><div class=\"rex-custom-scrollbar\"><div class=\"text-wrap rex-content-resizable\">\n<h3>Brunforte \u2013 IGT Rosso Marche<\/h3>\n<\/div><\/div><\/div><\/a><\/div><div id=\"blockportfolio_3872\" class=\"perfect-grid-item w3 block--only-image block-type--full\" data-height=\"4\" data-width=\"3\" data-row=\"1\" data-col=\"10\"><a class=\"element-link hovered\" href=\"https:\/\/www.murola.it\/pl\/wina\/antek-igt-marche-sangiovese\/\" title=\"https:\/\/www.murola.it\/pl\/wina\/antek-igt-marche-sangiovese\/\"><div class=\"grid-item-content text-content\"  style=\"background-image:url('https:\/\/www.murola.it\/wp-content\/uploads\/2019\/02\/vino-rosso-antek.jpg');\" alt=\"vino rosso antek igt marche sarngiovese\" ><div class=\"rex-custom-scrollbar\"><div class=\"text-wrap rex-content-resizable\">\n<h3>Antek \u2013 IGT Marche Sangiovese<\/h3>\n<\/div><\/div><\/div><\/a><\/div><div id=\"blockportfolio_3874\" class=\"perfect-grid-item w3 block--only-image block-type--full\" data-height=\"4\" data-width=\"3\" data-row=\"5\" data-col=\"1\"><a class=\"element-link hovered\" href=\"https:\/\/www.murola.it\/pl\/wina\/baccius-colli-maceratesi-ribona-doc\/\" title=\"https:\/\/www.murola.it\/pl\/wina\/baccius-colli-maceratesi-ribona-doc\/\"><div class=\"grid-item-content text-content\"  style=\"background-image:url('https:\/\/www.murola.it\/wp-content\/uploads\/2017\/06\/vino-bianco-baccius.jpg');\" alt=\"vino bianco baccius\" ><div class=\"rex-custom-scrollbar\"><div class=\"text-wrap rex-content-resizable\">\n<h3>Baccius \u2013 Colli Maceratesi Ribona DOC<\/h3>\n<\/div><\/div><\/div><\/a><\/div><div id=\"blockportfolio_3875\" class=\"perfect-grid-item w3 block--only-image block-type--full\" data-height=\"4\" data-width=\"3\" data-row=\"5\" data-col=\"4\"><a class=\"element-link hovered\" href=\"https:\/\/www.murola.it\/pl\/wina\/cama-igt-sangiovese\/\" title=\"https:\/\/www.murola.it\/pl\/wina\/cama-igt-sangiovese\/\"><div class=\"grid-item-content text-content\"  style=\"background-image:url('https:\/\/www.murola.it\/wp-content\/uploads\/2017\/06\/vino-rosso-cama.jpg');\" alt=\"vino rosso cam\u00e0\" ><div class=\"rex-custom-scrollbar\"><div class=\"text-wrap rex-content-resizable\">\n<h3>Cam\u00e0 \u2013 IGT Sangiovese<\/h3>\n<\/div><\/div><\/div><\/a><\/div><div id=\"blockportfolio_3876\" class=\"perfect-grid-item w3 block--only-image block-type--full\" data-height=\"4\" data-width=\"3\" data-row=\"5\" data-col=\"7\"><a class=\"element-link hovered\" href=\"https:\/\/www.murola.it\/pl\/wina\/teodoro-igt-marche-rosso\/\" title=\"https:\/\/www.murola.it\/pl\/wina\/teodoro-igt-marche-rosso\/\"><div class=\"grid-item-content text-content\"  style=\"background-image:url('https:\/\/www.murola.it\/wp-content\/uploads\/2017\/06\/vino-rosso-teodoro.jpg');\" alt=\"vino rosso teodoro\" ><div class=\"rex-custom-scrollbar\"><div class=\"text-wrap rex-content-resizable\">\n<h3>Teodoro \u2013 IGT Marche Rosso<\/h3>\n<\/div><\/div><\/div><\/a><\/div><div id=\"blockportfolio_3878\" class=\"perfect-grid-item w3 block--only-image block-type--full\" data-height=\"4\" data-width=\"3\" data-row=\"5\" data-col=\"10\"><a class=\"element-link hovered\" href=\"https:\/\/www.murola.it\/pl\/wina\/vara-spumante-brut-bianco\/\" title=\"https:\/\/www.murola.it\/pl\/wina\/vara-spumante-brut-bianco\/\"><div class=\"grid-item-content text-content\"  style=\"background-image:url('https:\/\/www.murola.it\/wp-content\/uploads\/2019\/11\/spumante-vara.jpg');\" alt=\"bottiglia di spumante var\u00e0 brut bianco\" ><div class=\"rex-custom-scrollbar\"><div class=\"text-wrap rex-content-resizable\">\n<h3>Var\u00e0 \u2013 Spumante Brut Bianco<\/h3>\n<\/div><\/div><\/div><\/a><\/div><div id=\"blockportfolio_3880\" class=\"perfect-grid-item w3 block--only-image block-type--full\" data-height=\"4\" data-width=\"3\" data-row=\"9\" data-col=\"1\"><a class=\"element-link hovered\" href=\"https:\/\/www.murola.it\/pl\/wina\/solagna-passerina-i-g-t-marche-bianco\/\" title=\"https:\/\/www.murola.it\/pl\/wina\/solagna-passerina-i-g-t-marche-bianco\/\"><div class=\"grid-item-content text-content\"  style=\"background-image:url('https:\/\/www.murola.it\/wp-content\/uploads\/2019\/10\/vino-bianco-solagna.jpg');\" alt=\"bottiglia di vino bianco solagna passerina igt della cantina murola\" ><div class=\"rex-custom-scrollbar\"><div class=\"text-wrap rex-content-resizable\">\n<h3>Solagna \u2013 Passerina I.G.T. Marche Bianco<\/h3>\n<\/div><\/div><\/div><\/a><\/div><div id=\"blockportfolio_3879\" class=\"perfect-grid-item w3 block--only-image block-type--full\" data-height=\"4\" data-width=\"3\" data-row=\"9\" data-col=\"4\"><a class=\"element-link hovered\" href=\"https:\/\/www.murola.it\/pl\/wina\/vore-pecorino-doc\/\" title=\"https:\/\/www.murola.it\/pl\/wina\/vore-pecorino-doc\/\"><div class=\"grid-item-content text-content\"  style=\"background-image:url('https:\/\/www.murola.it\/wp-content\/uploads\/2019\/10\/vino-bianco-vore.jpg');\" alt=\"bottiglia di vino bianco vore pecorino doc della cantina murola\" ><div class=\"rex-custom-scrollbar\"><div class=\"text-wrap rex-content-resizable\">\n<h3>Vore \u2013 Pecorino DOC<\/h3>\n<\/div><\/div><\/div><\/a><\/div><div id=\"blockportfolio_3877\" class=\"perfect-grid-item w3 block--only-image block-type--full\" data-height=\"4\" data-width=\"3\" data-row=\"9\" data-col=\"7\"><a class=\"element-link hovered\" href=\"https:\/\/www.murola.it\/pl\/wina\/orbesallia-rosso-piceno-doc\/\" title=\"https:\/\/www.murola.it\/pl\/wina\/orbesallia-rosso-piceno-doc\/\"><div class=\"grid-item-content text-content\"  style=\"background-image:url('https:\/\/www.murola.it\/wp-content\/uploads\/2019\/10\/vino-rosso-orbesallia.jpg');\" alt=\"bottiglia di vino rosso orbesallia roso piceno doc della cantina murola\" ><div class=\"rex-custom-scrollbar\"><div class=\"text-wrap rex-content-resizable\">\n<h3>Orbesallia \u2013 Rosso Piceno DOC<\/h3>\n<\/div><\/div><\/div><\/a><\/div><div id=\"block_1_3881\" class=\"perfect-grid-item real-empty w3 block--only-image\" data-height=\"4\" data-width=\"3\" data-row=\"9\" data-col=\"10\"><div class=\"grid-item-content empty-content real-empty\"><div class=\"rex-custom-scrollbar\"><\/div><\/div><\/div><\/div><\/div><\/section>\n","protected":false},"excerpt":{"rendered":"","protected":false},"author":4,"featured_media":2578,"parent":0,"menu_order":20,"comment_status":"closed","ping_status":"closed","template":"archive-rex_portfolio.php","meta":{"advanced_seo_description":"","jetpack_seo_html_title":"","jetpack_seo_noindex":false,"footnotes":""},"jetpack_sharing_enabled":true,"_links":{"self":[{"href":"https:\/\/www.murola.it\/pl\/wp-json\/wp\/v2\/pages\/3864"}],"collection":[{"href":"https:\/\/www.murola.it\/pl\/wp-json\/wp\/v2\/pages"}],"about":[{"href":"https:\/\/www.murola.it\/pl\/wp-json\/wp\/v2\/types\/page"}],"author":[{"embeddable":true,"href":"https:\/\/www.murola.it\/pl\/wp-json\/wp\/v2\/users\/4"}],"replies":[{"embeddable":true,"href":"https:\/\/www.murola.it\/pl\/wp-json\/wp\/v2\/comments?post=3864"}],"version-history":[{"count":9,"href":"https:\/\/www.murola.it\/pl\/wp-json\/wp\/v2\/pages\/3864\/revisions"}],"predecessor-version":[{"id":5435,"href":"https:\/\/www.murola.it\/pl\/wp-json\/wp\/v2\/pages\/3864\/revisions\/5435"}],"wp:featuredmedia":[{"embeddable":true,"href":"https:\/\/www.murola.it\/pl\/wp-json\/wp\/v2\/media\/2578"}],"wp:attachment":[{"href":"https:\/\/www.murola.it\/pl\/wp-json\/wp\/v2\/media?parent=3864"}],"curies":[{"name":"wp","href":"https:\/\/api.w.org\/{rel}","templated":true}]}}